{"id":26621,"date":"2025-11-26T11:20:58","date_gmt":"2025-11-26T11:20:58","guid":{"rendered":"https:\/\/moirai.si\/?post_type=product&#038;p=26621"},"modified":"2025-11-26T11:20:59","modified_gmt":"2025-11-26T11:20:59","slug":"obesek-turmalin-kvarc-4","status":"publish","type":"product","link":"https:\/\/moirai.si\/hr\/izdelek\/obesek-turmalin-kvarc-4\/","title":{"rendered":"Privjesak turmalin kvarc"},"content":{"rendered":"<p>\u010cudovit obesek Turmalin Kvarca in rodiniranega srebra 925. Veri\u017eica ni vklju\u010dena v ceno. <\/p>\n<p>MATERIAL: Turmalin Kvarc, rodinirano srebro 925<br \/>\nVELI\u010cINA KAMENA: 1,6\u00d72 cm<br \/>\nDEBLJINA KAMENA: 0,5 cm<br \/>\nDOL\u017dINA OBESKA: 2,8 cm<br \/>\nTE\u017dA: 3,7g <\/p>","protected":false},"excerpt":{"rendered":"<p>\u010cudovit obesek Turmalin Kvarca in rodiniranega srebra 925. Veri\u017eica ni vklju\u010dena v ceno. MATERIAL: Turmalin Kvarc, rodinirano srebro 925 VELIKOST KAMNA: 1,6&#215;2 cm DEBELINA KAMNA: 0,5 cm DOL\u017dINA OBESKA: 2,8 cm TE\u017dA: 3,7g<\/p>","protected":false},"featured_media":26622,"template":"","meta":[],"product_brand":[],"product_cat":[68,848,910,85],"product_tag":[637,1015],"class_list":{"0":"post-26621","1":"product","2":"type-product","3":"status-publish","4":"has-post-thumbnail","6":"product_cat-kamena-strela","7":"product_cat-kvarc","8":"product_cat-obeski-in-srebro","9":"product_cat-turmalin","10":"product_tag-rodinirano-srebro-925","11":"product_tag-turmalin-kvarc","13":"first","14":"instock","15":"shipping-taxable","16":"purchasable","17":"product-type-simple"},"_links":{"self":[{"href":"https:\/\/moirai.si\/hr\/wp-json\/wp\/v2\/product\/26621","targetHints":{"allow":["GET"]}}],"collection":[{"href":"https:\/\/moirai.si\/hr\/wp-json\/wp\/v2\/product"}],"about":[{"href":"https:\/\/moirai.si\/hr\/wp-json\/wp\/v2\/types\/product"}],"wp:featuredmedia":[{"embeddable":true,"href":"https:\/\/moirai.si\/hr\/wp-json\/wp\/v2\/media\/26622"}],"wp:attachment":[{"href":"https:\/\/moirai.si\/hr\/wp-json\/wp\/v2\/media?parent=26621"}],"wp:term":[{"taxonomy":"product_brand","embeddable":true,"href":"https:\/\/moirai.si\/hr\/wp-json\/wp\/v2\/product_brand?post=26621"},{"taxonomy":"product_cat","embeddable":true,"href":"https:\/\/moirai.si\/hr\/wp-json\/wp\/v2\/product_cat?post=26621"},{"taxonomy":"product_tag","embeddable":true,"href":"https:\/\/moirai.si\/hr\/wp-json\/wp\/v2\/product_tag?post=26621"}],"curies":[{"name":"wp","href":"https:\/\/api.w.org\/{rel}","templated":true}]}}