{"id":26627,"date":"2025-11-26T11:31:17","date_gmt":"2025-11-26T11:31:17","guid":{"rendered":"https:\/\/moirai.si\/?post_type=product&#038;p=26627"},"modified":"2025-11-26T11:31:17","modified_gmt":"2025-11-26T11:31:17","slug":"obesek-turmalin-kvarc-7","status":"publish","type":"product","link":"https:\/\/moirai.si\/hr\/izdelek\/obesek-turmalin-kvarc-7\/","title":{"rendered":"Privjesak turmalin kvarc"},"content":{"rendered":"<p>\u010cudovit obesek Turmalin Kvarca in rodiniranega srebra 925. Veri\u017eica ni vklju\u010dena v ceno. <\/p>\n<p>MATERIAL: Turmalin Kvarc, rodinirano srebro 925<br \/>\nVELIKOST KAMNA: 1,7&#215;2,1 cm<br \/>\nDEBLJINA KAMENA: 0,6 cm<br \/>\nDOL\u017dINA OBESKA: 2,9 cm<br \/>\nTE\u017dA: 4,6g <\/p>","protected":false},"excerpt":{"rendered":"<p>\u010cudovit obesek Turmalin Kvarca in rodiniranega srebra 925. Veri\u017eica ni vklju\u010dena v ceno. MATERIAL: Turmalin Kvarc, rodinirano srebro 925 VELIKOST KAMNA: 1,7&#215;2,1 cm DEBELINA KAMNA: 0,6 cm DOL\u017dINA OBESKA: 2,9 cm TE\u017dA: 4,6g<\/p>","protected":false},"featured_media":26628,"template":"","meta":[],"product_brand":[],"product_cat":[68,848,910,85],"product_tag":[637,1015],"class_list":{"0":"post-26627","1":"product","2":"type-product","3":"status-publish","4":"has-post-thumbnail","6":"product_cat-kamena-strela","7":"product_cat-kvarc","8":"product_cat-obeski-in-srebro","9":"product_cat-turmalin","10":"product_tag-rodinirano-srebro-925","11":"product_tag-turmalin-kvarc","13":"first","14":"instock","15":"shipping-taxable","16":"purchasable","17":"product-type-simple"},"_links":{"self":[{"href":"https:\/\/moirai.si\/hr\/wp-json\/wp\/v2\/product\/26627","targetHints":{"allow":["GET"]}}],"collection":[{"href":"https:\/\/moirai.si\/hr\/wp-json\/wp\/v2\/product"}],"about":[{"href":"https:\/\/moirai.si\/hr\/wp-json\/wp\/v2\/types\/product"}],"wp:featuredmedia":[{"embeddable":true,"href":"https:\/\/moirai.si\/hr\/wp-json\/wp\/v2\/media\/26628"}],"wp:attachment":[{"href":"https:\/\/moirai.si\/hr\/wp-json\/wp\/v2\/media?parent=26627"}],"wp:term":[{"taxonomy":"product_brand","embeddable":true,"href":"https:\/\/moirai.si\/hr\/wp-json\/wp\/v2\/product_brand?post=26627"},{"taxonomy":"product_cat","embeddable":true,"href":"https:\/\/moirai.si\/hr\/wp-json\/wp\/v2\/product_cat?post=26627"},{"taxonomy":"product_tag","embeddable":true,"href":"https:\/\/moirai.si\/hr\/wp-json\/wp\/v2\/product_tag?post=26627"}],"curies":[{"name":"wp","href":"https:\/\/api.w.org\/{rel}","templated":true}]}}