{"id":26656,"date":"2025-11-26T13:44:54","date_gmt":"2025-11-26T13:44:54","guid":{"rendered":"https:\/\/moirai.si\/?post_type=product&#038;p=26656"},"modified":"2025-11-26T13:44:54","modified_gmt":"2025-11-26T13:44:54","slug":"privjesak-od-ruzicastog-zlata","status":"publish","type":"product","link":"https:\/\/moirai.si\/hr\/izdelek\/obesek-rozevec\/","title":{"rendered":"Privjesak Rozenkvarc"},"content":{"rendered":"<p>\u010cudovit obesek Ro\u017eevca in rodiniranega srebra 925. Veri\u017eica ni vklju\u010dena v ceno. <\/p>\n<p>MATERIAL: Rozenkvarc, rodinirano srebro 925<br \/>\nVELIKOST KAMNA: 0,8&#215;2 cm<br \/>\nDEBLJINA KAMENA: 0,6 cm<br \/>\nDOL\u017dINA OBESKA: 3,1 cm<br \/>\nTE\u017dINA: 3,4g <\/p>","protected":false},"excerpt":{"rendered":"<p>\u010cudovit obesek Ro\u017eevca in rodiniranega srebra 925. Veri\u017eica ni vklju\u010dena v ceno. MATERIAL: Ro\u017eevec, rodinirano srebro 925 VELIKOST KAMNA: 0,8&#215;2 cm DEBELINA KAMNA: 0,6 cm DOL\u017dINA OBESKA: 3,1 cm TE\u017dA: 3,4g<\/p>","protected":false},"featured_media":26657,"template":"","meta":[],"product_brand":[],"product_cat":[910,69],"product_tag":[637,225],"class_list":{"0":"post-26656","1":"product","2":"type-product","3":"status-publish","4":"has-post-thumbnail","6":"product_cat-obeski-in-srebro","7":"product_cat-rozevec","8":"product_tag-rodinirano-srebro-925","9":"product_tag-rozevec","11":"first","12":"instock","13":"shipping-taxable","14":"purchasable","15":"product-type-simple"},"_links":{"self":[{"href":"https:\/\/moirai.si\/hr\/wp-json\/wp\/v2\/product\/26656","targetHints":{"allow":["GET"]}}],"collection":[{"href":"https:\/\/moirai.si\/hr\/wp-json\/wp\/v2\/product"}],"about":[{"href":"https:\/\/moirai.si\/hr\/wp-json\/wp\/v2\/types\/product"}],"wp:featuredmedia":[{"embeddable":true,"href":"https:\/\/moirai.si\/hr\/wp-json\/wp\/v2\/media\/26657"}],"wp:attachment":[{"href":"https:\/\/moirai.si\/hr\/wp-json\/wp\/v2\/media?parent=26656"}],"wp:term":[{"taxonomy":"product_brand","embeddable":true,"href":"https:\/\/moirai.si\/hr\/wp-json\/wp\/v2\/product_brand?post=26656"},{"taxonomy":"product_cat","embeddable":true,"href":"https:\/\/moirai.si\/hr\/wp-json\/wp\/v2\/product_cat?post=26656"},{"taxonomy":"product_tag","embeddable":true,"href":"https:\/\/moirai.si\/hr\/wp-json\/wp\/v2\/product_tag?post=26656"}],"curies":[{"name":"wp","href":"https:\/\/api.w.org\/{rel}","templated":true}]}}