{"id":26681,"date":"2025-11-27T08:04:31","date_gmt":"2025-11-27T08:04:31","guid":{"rendered":"https:\/\/moirai.si\/?post_type=product&#038;p=26681"},"modified":"2025-11-27T08:04:31","modified_gmt":"2025-11-27T08:04:31","slug":"obesek-mesecev-kamen-4","status":"publish","type":"product","link":"https:\/\/moirai.si\/hr\/izdelek\/obesek-mesecev-kamen-4\/","title":{"rendered":"Obesek Mese\u010dev Kamen"},"content":{"rendered":"<p>\u010cudovit obesek Mese\u010devega Kamna in rodiniranega srebra 925. Veri\u017eica ni vklju\u010dena v ceno. <\/p>\n<p>MATERIJAL: Mjese\u010dev kamen, srebro 925 s rodijem<br \/>\nVELI\u010cINA KAMENA: 1,6 \u00d7 2,9 cm<br \/>\nDEBLJINA KAMENA: 0,5 cm<br \/>\nDOL\u017dINA OBESKA: 3,8 cm<br \/>\nTE\u017dA: 6g <\/p>","protected":false},"excerpt":{"rendered":"<p>\u010cudovit obesek Mese\u010devega Kamna in rodiniranega srebra 925. Veri\u017eica ni vklju\u010dena v ceno. MATERIAL: Mese\u010dev Kamen, rodinirano srebro 925 VELIKOST KAMNA: 1,6&#215;2,9 cm DEBELINA KAMNA: 0,5 cm DOL\u017dINA OBESKA: 3,8 cm TE\u017dA: 6g<\/p>","protected":false},"featured_media":26682,"template":"","meta":[],"product_brand":[],"product_cat":[59,910],"product_tag":[366,637],"class_list":{"0":"post-26681","1":"product","2":"type-product","3":"status-publish","4":"has-post-thumbnail","6":"product_cat-mesecev-kamen","7":"product_cat-obeski-in-srebro","8":"product_tag-mesecev-kamen","9":"product_tag-rodinirano-srebro-925","11":"first","12":"instock","13":"shipping-taxable","14":"purchasable","15":"product-type-simple"},"_links":{"self":[{"href":"https:\/\/moirai.si\/hr\/wp-json\/wp\/v2\/product\/26681","targetHints":{"allow":["GET"]}}],"collection":[{"href":"https:\/\/moirai.si\/hr\/wp-json\/wp\/v2\/product"}],"about":[{"href":"https:\/\/moirai.si\/hr\/wp-json\/wp\/v2\/types\/product"}],"wp:featuredmedia":[{"embeddable":true,"href":"https:\/\/moirai.si\/hr\/wp-json\/wp\/v2\/media\/26682"}],"wp:attachment":[{"href":"https:\/\/moirai.si\/hr\/wp-json\/wp\/v2\/media?parent=26681"}],"wp:term":[{"taxonomy":"product_brand","embeddable":true,"href":"https:\/\/moirai.si\/hr\/wp-json\/wp\/v2\/product_brand?post=26681"},{"taxonomy":"product_cat","embeddable":true,"href":"https:\/\/moirai.si\/hr\/wp-json\/wp\/v2\/product_cat?post=26681"},{"taxonomy":"product_tag","embeddable":true,"href":"https:\/\/moirai.si\/hr\/wp-json\/wp\/v2\/product_tag?post=26681"}],"curies":[{"name":"wp","href":"https:\/\/api.w.org\/{rel}","templated":true}]}}