{"id":26689,"date":"2025-11-27T08:27:03","date_gmt":"2025-11-27T08:27:03","guid":{"rendered":"https:\/\/moirai.si\/?post_type=product&#038;p=26689"},"modified":"2026-03-26T13:16:03","modified_gmt":"2026-03-26T13:16:03","slug":"obesek-lapis-lazuli-3","status":"publish","type":"product","link":"https:\/\/moirai.si\/hr\/izdelek\/obesek-lapis-lazuli-3\/","title":{"rendered":"Privjesak Lapis Lazuli"},"content":{"rendered":"<p>Prekrasan privjesak od Lapis Lazulija i srebra 925. Lanac nije uklju\u010den u cijenu. <\/p>\n<p>MATERIAL: Lapis Lazuli, srebro 925<br \/>\nVELIKOST KAMNA: 1,8&#215;2,7 cm<br \/>\nDEBLJINA KAMENA: 0,8 cm<br \/>\nDOL\u017dINA OBESKA: 3,8 cm<br \/>\nTE\u017dA: 9,6g <\/p>","protected":false},"excerpt":{"rendered":"<p>\u010cudovit obesek Lapis Lazulija in srebra 925. Veri\u017eica ni vklju\u010dena v ceno. MATERIAL: Lapis Lazuli, srebro 925 VELIKOST KAMNA: 1,8&#215;2,7 cm DEBELINA KAMNA: 0,8 cm DOL\u017dINA OBESKA: 3,8 cm TE\u017dA: 9,6g<\/p>","protected":false},"featured_media":26690,"template":"","meta":[],"product_brand":[],"product_cat":[55,910],"product_tag":[280,371],"class_list":{"0":"post-26689","1":"product","2":"type-product","3":"status-publish","4":"has-post-thumbnail","6":"product_cat-lapis-lazuli","7":"product_cat-obeski-in-srebro","8":"product_tag-lapis-lazuli","9":"product_tag-srebro-925","11":"first","12":"instock","13":"shipping-taxable","14":"purchasable","15":"product-type-simple"},"_links":{"self":[{"href":"https:\/\/moirai.si\/hr\/wp-json\/wp\/v2\/product\/26689","targetHints":{"allow":["GET"]}}],"collection":[{"href":"https:\/\/moirai.si\/hr\/wp-json\/wp\/v2\/product"}],"about":[{"href":"https:\/\/moirai.si\/hr\/wp-json\/wp\/v2\/types\/product"}],"wp:featuredmedia":[{"embeddable":true,"href":"https:\/\/moirai.si\/hr\/wp-json\/wp\/v2\/media\/26690"}],"wp:attachment":[{"href":"https:\/\/moirai.si\/hr\/wp-json\/wp\/v2\/media?parent=26689"}],"wp:term":[{"taxonomy":"product_brand","embeddable":true,"href":"https:\/\/moirai.si\/hr\/wp-json\/wp\/v2\/product_brand?post=26689"},{"taxonomy":"product_cat","embeddable":true,"href":"https:\/\/moirai.si\/hr\/wp-json\/wp\/v2\/product_cat?post=26689"},{"taxonomy":"product_tag","embeddable":true,"href":"https:\/\/moirai.si\/hr\/wp-json\/wp\/v2\/product_tag?post=26689"}],"curies":[{"name":"wp","href":"https:\/\/api.w.org\/{rel}","templated":true}]}}