{"id":26693,"date":"2025-11-27T09:09:03","date_gmt":"2025-11-27T09:09:03","guid":{"rendered":"https:\/\/moirai.si\/?post_type=product&#038;p=26693"},"modified":"2025-11-27T09:09:03","modified_gmt":"2025-11-27T09:09:03","slug":"obesek-jantar-3","status":"publish","type":"product","link":"https:\/\/moirai.si\/hr\/izdelek\/obesek-jantar-3\/","title":{"rendered":"Privjesak Jantar"},"content":{"rendered":"<p>\u010cudovit obesek Jantarja in srebra 925. Veri\u017eica ni vklju\u010dena v ceno. <\/p>\n<p>MATERIAL: Jantar, srebro 925<br \/>\nVELIKOST KAMNA: 0,9&#215;4,7 cm<br \/>\nDEBLJINA KAMENA: 0,7 cm<br \/>\nDOL\u017dINA OBESKA: 5,7 cm<br \/>\nTE\u017dA: 4g <\/p>","protected":false},"excerpt":{"rendered":"<p>\u010cudovit obesek Jantarja in srebra 925. Veri\u017eica ni vklju\u010dena v ceno. MATERIAL: Jantar, srebro 925 VELIKOST KAMNA: 0,9&#215;4,7 cm DEBELINA KAMNA: 0,7 cm DOL\u017dINA OBESKA: 5,7 cm TE\u017dA: 4g<\/p>","protected":false},"featured_media":26694,"template":"","meta":[],"product_brand":[],"product_cat":[46,910],"product_tag":[197,371],"class_list":{"0":"post-26693","1":"product","2":"type-product","3":"status-publish","4":"has-post-thumbnail","6":"product_cat-jantar","7":"product_cat-obeski-in-srebro","8":"product_tag-jantar","9":"product_tag-srebro-925","11":"first","12":"instock","13":"shipping-taxable","14":"purchasable","15":"product-type-simple"},"_links":{"self":[{"href":"https:\/\/moirai.si\/hr\/wp-json\/wp\/v2\/product\/26693","targetHints":{"allow":["GET"]}}],"collection":[{"href":"https:\/\/moirai.si\/hr\/wp-json\/wp\/v2\/product"}],"about":[{"href":"https:\/\/moirai.si\/hr\/wp-json\/wp\/v2\/types\/product"}],"wp:featuredmedia":[{"embeddable":true,"href":"https:\/\/moirai.si\/hr\/wp-json\/wp\/v2\/media\/26694"}],"wp:attachment":[{"href":"https:\/\/moirai.si\/hr\/wp-json\/wp\/v2\/media?parent=26693"}],"wp:term":[{"taxonomy":"product_brand","embeddable":true,"href":"https:\/\/moirai.si\/hr\/wp-json\/wp\/v2\/product_brand?post=26693"},{"taxonomy":"product_cat","embeddable":true,"href":"https:\/\/moirai.si\/hr\/wp-json\/wp\/v2\/product_cat?post=26693"},{"taxonomy":"product_tag","embeddable":true,"href":"https:\/\/moirai.si\/hr\/wp-json\/wp\/v2\/product_tag?post=26693"}],"curies":[{"name":"wp","href":"https:\/\/api.w.org\/{rel}","templated":true}]}}