{"id":26698,"date":"2025-11-27T09:17:09","date_gmt":"2025-11-27T09:17:09","guid":{"rendered":"https:\/\/moirai.si\/?post_type=product&#038;p=26698"},"modified":"2025-11-27T09:17:09","modified_gmt":"2025-11-27T09:17:09","slug":"obesek-ametist-7","status":"publish","type":"product","link":"https:\/\/moirai.si\/hr\/izdelek\/obesek-ametist-7\/","title":{"rendered":"Privjesak Ametist"},"content":{"rendered":"<p>\u010cudovit obesek Ametista in rodiniranega srebra 925. Veri\u017eica ni vklju\u010dena v ceno. <\/p>\n<p>MATERIJAL: Ametist, srebro 925 s rodijem<br \/>\nVELIKOST KAMNA: 1,8&#215;1,7 cm<br \/>\nDEBLJINA KAMENA: 0,8 cm<br \/>\nDU\u017dINA PRIVJESKA: 2,5 cm<br \/>\nTE\u017dA: 4,9g <\/p>","protected":false},"excerpt":{"rendered":"<p>\u010cudovit obesek Ametista in rodiniranega srebra 925. Veri\u017eica ni vklju\u010dena v ceno. MATERIAL: Ametist, rodinirano srebro 925 VELIKOST KAMNA: 1,8&#215;1,7 cm DEBELINA KAMNA: 0,8 cm DOL\u017dINA OBESKA: 2,5 cm TE\u017dA: 4,9g<\/p>","protected":false},"featured_media":26699,"template":"","meta":[],"product_brand":[],"product_cat":[33,910],"product_tag":[195,637],"class_list":{"0":"post-26698","1":"product","2":"type-product","3":"status-publish","4":"has-post-thumbnail","6":"product_cat-ametist","7":"product_cat-obeski-in-srebro","8":"product_tag-ametist","9":"product_tag-rodinirano-srebro-925","11":"first","12":"instock","13":"shipping-taxable","14":"purchasable","15":"product-type-simple"},"_links":{"self":[{"href":"https:\/\/moirai.si\/hr\/wp-json\/wp\/v2\/product\/26698","targetHints":{"allow":["GET"]}}],"collection":[{"href":"https:\/\/moirai.si\/hr\/wp-json\/wp\/v2\/product"}],"about":[{"href":"https:\/\/moirai.si\/hr\/wp-json\/wp\/v2\/types\/product"}],"wp:featuredmedia":[{"embeddable":true,"href":"https:\/\/moirai.si\/hr\/wp-json\/wp\/v2\/media\/26699"}],"wp:attachment":[{"href":"https:\/\/moirai.si\/hr\/wp-json\/wp\/v2\/media?parent=26698"}],"wp:term":[{"taxonomy":"product_brand","embeddable":true,"href":"https:\/\/moirai.si\/hr\/wp-json\/wp\/v2\/product_brand?post=26698"},{"taxonomy":"product_cat","embeddable":true,"href":"https:\/\/moirai.si\/hr\/wp-json\/wp\/v2\/product_cat?post=26698"},{"taxonomy":"product_tag","embeddable":true,"href":"https:\/\/moirai.si\/hr\/wp-json\/wp\/v2\/product_tag?post=26698"}],"curies":[{"name":"wp","href":"https:\/\/api.w.org\/{rel}","templated":true}]}}