{"id":26721,"date":"2025-11-27T18:58:24","date_gmt":"2025-11-27T18:58:24","guid":{"rendered":"https:\/\/moirai.si\/?post_type=product&#038;p=26721"},"modified":"2026-03-26T10:53:49","modified_gmt":"2026-03-26T10:53:49","slug":"komplet-lesena-skrinjica-s-kamni-s","status":"publish","type":"product","link":"https:\/\/moirai.si\/hr\/izdelek\/komplet-lesena-skrinjica-s-kamni-s\/","title":{"rendered":"Komplet lesena skrinjica s kamni S"},"content":{"rendered":"<p>Lesena skrinja\/\u0161katla v izgledu stare piratske skrinjice z razli\u010dnimi minerali in kristali. Vsak kamen ima kratek opis o kamnu. Slika je simboli\u010dna. Mo\u017ena so manj\u0161a odstopanja v te\u017ei, barvi in obliki.<\/p>\n<p>KOMPLET VSEBUJE:<br \/>\n1x \u010drna lesena \u201cpiratska\u201d skrinjica (skrinja, \u0161katla)<br \/>\n10x mix izbranih razli\u010dnih spoliranih ro\u010dnih kamnov<br \/>\n1x izbran neobdelan kristal\/mineral<br \/>\n1x \u017eameten mo\u0161nji\u010dek s spoliranim ro\u010dnim kamnom<\/p>\n<p>DIMENZIJE:<br \/>\nlesena skrinja d: 12cm, \u0161: 9cm, v: 9cm<br \/>\nspolirani kamni: 1,5-3cm<br \/>\nneobdelani kamni: 3-5cm<br \/>\nmo\u0161nji\u010dek: 7-8cm<\/p>\n<p>TE\u017dA: cca 280 g<\/p>","protected":false},"excerpt":{"rendered":"<p>Lesena skrinja\/\u0161katla v izgledu stare piratske skrinjice z razli\u010dnimi minerali in kristali. Vsak kamen ima kratek opis o kamnu. Slika je simboli\u010dna. Mo\u017ena so manj\u0161a odstopanja v te\u017ei, barvi in obliki. KOMPLET VSEBUJE: 1x \u010drna lesena \u201cpiratska\u201d skrinjica (skrinja, \u0161katla) 10x mix izbranih razli\u010dnih spoliranih ro\u010dnih kamnov 1x izbran neobdelan kristal\/mineral 1x \u017eameten mo\u0161nji\u010dek s [&hellip;]<\/p>\n","protected":false},"featured_media":26722,"template":"","meta":[],"product_brand":[],"product_cat":[405,185,755,753],"product_tag":[1153,1122],"class_list":{"0":"post-26721","1":"product","2":"type-product","3":"status-publish","4":"has-post-thumbnail","6":"product_cat-akcija","7":"product_cat-kristali-in-minerali","8":"product_cat-mix","9":"product_cat-rocni-kamni","10":"product_tag-crna-lesena-piratska-skrinjica-skrinja","11":"product_tag-skatla","13":"first","14":"instock","15":"sale","16":"shipping-taxable","17":"purchasable","18":"product-type-simple"},"_links":{"self":[{"href":"https:\/\/moirai.si\/hr\/wp-json\/wp\/v2\/product\/26721","targetHints":{"allow":["GET"]}}],"collection":[{"href":"https:\/\/moirai.si\/hr\/wp-json\/wp\/v2\/product"}],"about":[{"href":"https:\/\/moirai.si\/hr\/wp-json\/wp\/v2\/types\/product"}],"wp:featuredmedia":[{"embeddable":true,"href":"https:\/\/moirai.si\/hr\/wp-json\/wp\/v2\/media\/26722"}],"wp:attachment":[{"href":"https:\/\/moirai.si\/hr\/wp-json\/wp\/v2\/media?parent=26721"}],"wp:term":[{"taxonomy":"product_brand","embeddable":true,"href":"https:\/\/moirai.si\/hr\/wp-json\/wp\/v2\/product_brand?post=26721"},{"taxonomy":"product_cat","embeddable":true,"href":"https:\/\/moirai.si\/hr\/wp-json\/wp\/v2\/product_cat?post=26721"},{"taxonomy":"product_tag","embeddable":true,"href":"https:\/\/moirai.si\/hr\/wp-json\/wp\/v2\/product_tag?post=26721"}],"curies":[{"name":"wp","href":"https:\/\/api.w.org\/{rel}","templated":true}]}}