{"id":26733,"date":"2025-11-27T19:16:30","date_gmt":"2025-11-27T19:16:30","guid":{"rendered":"https:\/\/moirai.si\/?post_type=product&#038;p=26733"},"modified":"2026-03-26T12:53:55","modified_gmt":"2026-03-26T12:53:55","slug":"vrecka-presenecenja-s-crna","status":"publish","type":"product","link":"https:\/\/moirai.si\/hr\/izdelek\/vrecka-presenecenja-s-crna\/","title":{"rendered":"Vre\u010dka presene\u010denja S \u010drna"},"content":{"rendered":"<p>\u017dameten mo\u0161nji\u010dek z izbranim spoliranim ro\u010dnim kamnom ter kratkim opisom o samem kamnu. Slika je simboli\u010dna. Mo\u017ena so manj\u0161a odstopanja v te\u017ei, barvi in obliki.<\/p>\n<p>KOMPLET VSEBUJE:<br \/>\n1x  izbran spoliran ro\u010dni kamen<br \/>\n1x \u010drn \u017eameten mo\u0161nji\u010dek <\/p>\n<p>DIMENZIJE:<br \/>\nspolirani kamni: 1,5-3cm<br \/>\nmo\u0161nji\u010dek: 5-6cm<\/p>\n<p>TE\u017dINA: 10-25 g<\/p>","protected":false},"excerpt":{"rendered":"<p>\u017dameten mo\u0161nji\u010dek z izbranim spoliranim ro\u010dnim kamnom ter kratkim opisom o samem kamnu. Slika je simboli\u010dna. Mo\u017ena so manj\u0161a odstopanja v te\u017ei, barvi in obliki. KOMPLET VSEBUJE: 1x izbran spoliran ro\u010dni kamen 1x \u010drn \u017eameten mo\u0161nji\u010dek DIMENZIJE: spolirani kamni: 1,5-3cm mo\u0161nji\u010dek: 5-6cm TE\u017dA: 10-25 g<\/p>","protected":false},"featured_media":26734,"template":"","meta":[],"product_brand":[],"product_cat":[185,755,753],"product_tag":[1155],"class_list":{"0":"post-26733","1":"product","2":"type-product","3":"status-publish","4":"has-post-thumbnail","6":"product_cat-kristali-in-minerali","7":"product_cat-mix","8":"product_cat-rocni-kamni","9":"product_tag-vrecka-presenecenja","11":"first","12":"instock","13":"shipping-taxable","14":"purchasable","15":"product-type-simple"},"_links":{"self":[{"href":"https:\/\/moirai.si\/hr\/wp-json\/wp\/v2\/product\/26733","targetHints":{"allow":["GET"]}}],"collection":[{"href":"https:\/\/moirai.si\/hr\/wp-json\/wp\/v2\/product"}],"about":[{"href":"https:\/\/moirai.si\/hr\/wp-json\/wp\/v2\/types\/product"}],"wp:featuredmedia":[{"embeddable":true,"href":"https:\/\/moirai.si\/hr\/wp-json\/wp\/v2\/media\/26734"}],"wp:attachment":[{"href":"https:\/\/moirai.si\/hr\/wp-json\/wp\/v2\/media?parent=26733"}],"wp:term":[{"taxonomy":"product_brand","embeddable":true,"href":"https:\/\/moirai.si\/hr\/wp-json\/wp\/v2\/product_brand?post=26733"},{"taxonomy":"product_cat","embeddable":true,"href":"https:\/\/moirai.si\/hr\/wp-json\/wp\/v2\/product_cat?post=26733"},{"taxonomy":"product_tag","embeddable":true,"href":"https:\/\/moirai.si\/hr\/wp-json\/wp\/v2\/product_tag?post=26733"}],"curies":[{"name":"wp","href":"https:\/\/api.w.org\/{rel}","templated":true}]}}