{"id":26774,"date":"2025-12-01T17:08:49","date_gmt":"2025-12-01T17:08:49","guid":{"rendered":"https:\/\/moirai.si\/?post_type=product&#038;p=26774"},"modified":"2025-12-01T17:08:50","modified_gmt":"2025-12-01T17:08:50","slug":"versy-jaspis-rdeci-9","status":"publish","type":"product","link":"https:\/\/moirai.si\/hr\/izdelek\/versy-jaspis-rdeci-9\/","title":{"rendered":"Versy Jaspis Crveni"},"content":{"rendered":"<p>Unikaten obesek kolekcije Versy iz rde\u010dega Jaspisa na \u010drnem usnjenem traku s prilagodljivo dol\u017eino (poteg vozla gor oz. dol). <\/p>\n<p>MATERIJAL: crveni jaspis, crna ko\u017ea<br \/>\nDU\u017dINA: podesiva (38-77 cm)<br \/>\nVELIKOST KAMNA: 1,3&#215;2,4 cm<br \/>\nDEBLJINA KAMENA: 0,5 cm<br \/>\nTE\u017dA: 7,6 g<\/p>","protected":false},"excerpt":{"rendered":"<p>Unikaten obesek kolekcije Versy iz rde\u010dega Jaspisa na \u010drnem usnjenem traku s prilagodljivo dol\u017eino (poteg vozla gor oz. dol). MATERIAL: rde\u010di Jaspis, \u010drno usnje DOL\u017dINA: prilagodljiva (38-77 cm) VELIKOST KAMNA: 1,3&#215;2,4 cm DEBELINA KAMNA: 0,5 cm TE\u017dA: 7,6 g<\/p>","protected":false},"featured_media":26775,"template":"","meta":[],"product_brand":[],"product_cat":[47,92,309],"product_tag":[648,779],"class_list":{"0":"post-26774","1":"product","2":"type-product","3":"status-publish","4":"has-post-thumbnail","6":"product_cat-jaspis","7":"product_cat-obeski-in-usnje","8":"product_cat-versy","9":"product_tag-crno-usnje","10":"product_tag-rdeci-jaspis","12":"first","13":"instock","14":"shipping-taxable","15":"purchasable","16":"product-type-simple"},"_links":{"self":[{"href":"https:\/\/moirai.si\/hr\/wp-json\/wp\/v2\/product\/26774","targetHints":{"allow":["GET"]}}],"collection":[{"href":"https:\/\/moirai.si\/hr\/wp-json\/wp\/v2\/product"}],"about":[{"href":"https:\/\/moirai.si\/hr\/wp-json\/wp\/v2\/types\/product"}],"wp:featuredmedia":[{"embeddable":true,"href":"https:\/\/moirai.si\/hr\/wp-json\/wp\/v2\/media\/26775"}],"wp:attachment":[{"href":"https:\/\/moirai.si\/hr\/wp-json\/wp\/v2\/media?parent=26774"}],"wp:term":[{"taxonomy":"product_brand","embeddable":true,"href":"https:\/\/moirai.si\/hr\/wp-json\/wp\/v2\/product_brand?post=26774"},{"taxonomy":"product_cat","embeddable":true,"href":"https:\/\/moirai.si\/hr\/wp-json\/wp\/v2\/product_cat?post=26774"},{"taxonomy":"product_tag","embeddable":true,"href":"https:\/\/moirai.si\/hr\/wp-json\/wp\/v2\/product_tag?post=26774"}],"curies":[{"name":"wp","href":"https:\/\/api.w.org\/{rel}","templated":true}]}}