{"id":26790,"date":"2025-12-02T14:11:04","date_gmt":"2025-12-02T14:11:04","guid":{"rendered":"https:\/\/moirai.si\/?post_type=product&#038;p=26790"},"modified":"2025-12-02T14:11:04","modified_gmt":"2025-12-02T14:11:04","slug":"versy-sokolje-oko","status":"publish","type":"product","link":"https:\/\/moirai.si\/hr\/izdelek\/versy-sokolje-oko\/","title":{"rendered":"Versy Sokolje Oko"},"content":{"rendered":"<p>Unikaten obesek kolekcije Versy iz Sokoljega o\u010desa na \u010drnem usnjenem traku s prilagodljivo dol\u017eino (poteg vozla gor oz. dol). <\/p>\n<p>MATERIAL: Sokolje Oko (\u010drno Tigrovo oko), \u010drno usnje<br \/>\nDU\u017dINA: podesiva (38-77 cm)<br \/>\nVELIKOST KAMNA: 1,5&#215;1,6 cm<br \/>\nDEBLJINA KAMENA: 0,8 cm<br \/>\nTE\u017dINA: 6,8 g<\/p>","protected":false},"excerpt":{"rendered":"<p>Unikaten obesek kolekcije Versy iz Sokoljega o\u010desa na \u010drnem usnjenem traku s prilagodljivo dol\u017eino (poteg vozla gor oz. dol). MATERIAL: Sokolje Oko (\u010drno Tigrovo oko), \u010drno usnje DOL\u017dINA: prilagodljiva (38-77 cm) VELIKOST KAMNA: 1,5&#215;1,6 cm DEBELINA KAMNA: 0,8 cm TE\u017dA: 6,8 g<\/p>","protected":false},"featured_media":26791,"template":"","meta":[],"product_brand":[],"product_cat":[92,76,81,309],"product_tag":[648,1017],"class_list":{"0":"post-26790","1":"product","2":"type-product","3":"status-publish","4":"has-post-thumbnail","6":"product_cat-obeski-in-usnje","7":"product_cat-sokolje-oko","8":"product_cat-tigrovo-oko","9":"product_cat-versy","10":"product_tag-crno-usnje","11":"product_tag-sokolje-oko-crno-tigrovo-oko","13":"first","14":"instock","15":"shipping-taxable","16":"purchasable","17":"product-type-simple"},"_links":{"self":[{"href":"https:\/\/moirai.si\/hr\/wp-json\/wp\/v2\/product\/26790","targetHints":{"allow":["GET"]}}],"collection":[{"href":"https:\/\/moirai.si\/hr\/wp-json\/wp\/v2\/product"}],"about":[{"href":"https:\/\/moirai.si\/hr\/wp-json\/wp\/v2\/types\/product"}],"wp:featuredmedia":[{"embeddable":true,"href":"https:\/\/moirai.si\/hr\/wp-json\/wp\/v2\/media\/26791"}],"wp:attachment":[{"href":"https:\/\/moirai.si\/hr\/wp-json\/wp\/v2\/media?parent=26790"}],"wp:term":[{"taxonomy":"product_brand","embeddable":true,"href":"https:\/\/moirai.si\/hr\/wp-json\/wp\/v2\/product_brand?post=26790"},{"taxonomy":"product_cat","embeddable":true,"href":"https:\/\/moirai.si\/hr\/wp-json\/wp\/v2\/product_cat?post=26790"},{"taxonomy":"product_tag","embeddable":true,"href":"https:\/\/moirai.si\/hr\/wp-json\/wp\/v2\/product_tag?post=26790"}],"curies":[{"name":"wp","href":"https:\/\/api.w.org\/{rel}","templated":true}]}}