{"id":26792,"date":"2025-12-02T14:14:39","date_gmt":"2025-12-02T14:14:39","guid":{"rendered":"https:\/\/moirai.si\/?post_type=product&#038;p=26792"},"modified":"2025-12-02T14:14:40","modified_gmt":"2025-12-02T14:14:40","slug":"versy-sokolje-oko-2","status":"publish","type":"product","link":"https:\/\/moirai.si\/hr\/izdelek\/versy-sokolje-oko-2\/","title":{"rendered":"Versy Sokolje Oko"},"content":{"rendered":"<p>Unikaten obesek kolekcije Versy iz Sokoljega o\u010desa na \u010drnem usnjenem traku s prilagodljivo dol\u017eino (poteg vozla gor oz. dol). <\/p>\n<p>MATERIAL: Sokolje Oko (\u010drno Tigrovo oko), \u010drno usnje<br \/>\nDU\u017dINA: podesiva (38-77 cm)<br \/>\nVELIKOST KAMNA: 1,7&#215;1,7 cm<br \/>\nDEBLJINA KAMENA: 0,8 cm<br \/>\nTE\u017dINA: 6,9 g<\/p>","protected":false},"excerpt":{"rendered":"<p>Unikaten obesek kolekcije Versy iz Sokoljega o\u010desa na \u010drnem usnjenem traku s prilagodljivo dol\u017eino (poteg vozla gor oz. dol). MATERIAL: Sokolje Oko (\u010drno Tigrovo oko), \u010drno usnje DOL\u017dINA: prilagodljiva (38-77 cm) VELIKOST KAMNA: 1,7&#215;1,7 cm DEBELINA KAMNA: 0,8 cm TE\u017dA: 6,9 g<\/p>","protected":false},"featured_media":26793,"template":"","meta":[],"product_brand":[],"product_cat":[92,76,81,309],"product_tag":[648,1017],"class_list":{"0":"post-26792","1":"product","2":"type-product","3":"status-publish","4":"has-post-thumbnail","6":"product_cat-obeski-in-usnje","7":"product_cat-sokolje-oko","8":"product_cat-tigrovo-oko","9":"product_cat-versy","10":"product_tag-crno-usnje","11":"product_tag-sokolje-oko-crno-tigrovo-oko","13":"first","14":"instock","15":"shipping-taxable","16":"purchasable","17":"product-type-simple"},"_links":{"self":[{"href":"https:\/\/moirai.si\/hr\/wp-json\/wp\/v2\/product\/26792","targetHints":{"allow":["GET"]}}],"collection":[{"href":"https:\/\/moirai.si\/hr\/wp-json\/wp\/v2\/product"}],"about":[{"href":"https:\/\/moirai.si\/hr\/wp-json\/wp\/v2\/types\/product"}],"wp:featuredmedia":[{"embeddable":true,"href":"https:\/\/moirai.si\/hr\/wp-json\/wp\/v2\/media\/26793"}],"wp:attachment":[{"href":"https:\/\/moirai.si\/hr\/wp-json\/wp\/v2\/media?parent=26792"}],"wp:term":[{"taxonomy":"product_brand","embeddable":true,"href":"https:\/\/moirai.si\/hr\/wp-json\/wp\/v2\/product_brand?post=26792"},{"taxonomy":"product_cat","embeddable":true,"href":"https:\/\/moirai.si\/hr\/wp-json\/wp\/v2\/product_cat?post=26792"},{"taxonomy":"product_tag","embeddable":true,"href":"https:\/\/moirai.si\/hr\/wp-json\/wp\/v2\/product_tag?post=26792"}],"curies":[{"name":"wp","href":"https:\/\/api.w.org\/{rel}","templated":true}]}}