{"id":26811,"date":"2025-12-03T07:40:48","date_gmt":"2025-12-03T07:40:48","guid":{"rendered":"https:\/\/moirai.si\/?post_type=product&#038;p=26811"},"modified":"2025-12-03T07:40:48","modified_gmt":"2025-12-03T07:40:48","slug":"akvamarin-versy","status":"publish","type":"product","link":"https:\/\/moirai.si\/hr\/izdelek\/versy-akvamarin\/","title":{"rendered":"Versy Akvamarin"},"content":{"rendered":"<p>Unikaten obesek kolekcije Versy iz Akvamarina na \u010drnem usnjenem traku s prilagodljivo dol\u017eino (poteg vozla gor oz. dol). <\/p>\n<p>MATERIJAL: akvamarin, crna ko\u017ea<br \/>\nDU\u017dINA: podesiva (38-77 cm)<br \/>\nVELIKOST KAMNA: 1,6&#215;4,1 cm<br \/>\nDEBLJINA KAMENA: 0,8 cm<br \/>\nTE\u017dA: 14,2 g<\/p>","protected":false},"excerpt":{"rendered":"<p>Unikaten obesek kolekcije Versy iz Akvamarina na \u010drnem usnjenem traku s prilagodljivo dol\u017eino (poteg vozla gor oz. dol). MATERIAL: Akvamarin, \u010drno usnje DOL\u017dINA: prilagodljiva (38-77 cm) VELIKOST KAMNA: 1,6&#215;4,1 cm DEBELINA KAMNA: 0,8 cm TE\u017dA: 14,2 g<\/p>","protected":false},"featured_media":26812,"template":"","meta":[],"product_brand":[],"product_cat":[34,92,309],"product_tag":[311,648],"class_list":{"0":"post-26811","1":"product","2":"type-product","3":"status-publish","4":"has-post-thumbnail","6":"product_cat-akvamarin","7":"product_cat-obeski-in-usnje","8":"product_cat-versy","9":"product_tag-akvamarin","10":"product_tag-crno-usnje","12":"first","13":"instock","14":"shipping-taxable","15":"purchasable","16":"product-type-simple"},"_links":{"self":[{"href":"https:\/\/moirai.si\/hr\/wp-json\/wp\/v2\/product\/26811","targetHints":{"allow":["GET"]}}],"collection":[{"href":"https:\/\/moirai.si\/hr\/wp-json\/wp\/v2\/product"}],"about":[{"href":"https:\/\/moirai.si\/hr\/wp-json\/wp\/v2\/types\/product"}],"wp:featuredmedia":[{"embeddable":true,"href":"https:\/\/moirai.si\/hr\/wp-json\/wp\/v2\/media\/26812"}],"wp:attachment":[{"href":"https:\/\/moirai.si\/hr\/wp-json\/wp\/v2\/media?parent=26811"}],"wp:term":[{"taxonomy":"product_brand","embeddable":true,"href":"https:\/\/moirai.si\/hr\/wp-json\/wp\/v2\/product_brand?post=26811"},{"taxonomy":"product_cat","embeddable":true,"href":"https:\/\/moirai.si\/hr\/wp-json\/wp\/v2\/product_cat?post=26811"},{"taxonomy":"product_tag","embeddable":true,"href":"https:\/\/moirai.si\/hr\/wp-json\/wp\/v2\/product_tag?post=26811"}],"curies":[{"name":"wp","href":"https:\/\/api.w.org\/{rel}","templated":true}]}}