{"id":26815,"date":"2025-12-03T07:52:39","date_gmt":"2025-12-03T07:52:39","guid":{"rendered":"https:\/\/moirai.si\/?post_type=product&#038;p=26815"},"modified":"2025-12-03T07:52:39","modified_gmt":"2025-12-03T07:52:39","slug":"vrlo-labradorit-3","status":"publish","type":"product","link":"https:\/\/moirai.si\/hr\/izdelek\/versy-labradorit-3\/","title":{"rendered":"Versy Labradorit"},"content":{"rendered":"<p>Unikaten obesek kolekcije Versy iz Labradorita na \u010drnem usnjenem traku s prilagodljivo dol\u017eino (poteg vozla gor oz. dol). <\/p>\n<p>MATERIAL: Labradorit, crna ko\u017ea<br \/>\nDU\u017dINA: podesiva (38-77 cm)<br \/>\nVELIKOST KAMNA: 2,2&#215;3,8 cm<br \/>\nDEBLJINA KAMENA: 0,3 cm<br \/>\nTE\u017dINA: 10,2 g<\/p>","protected":false},"excerpt":{"rendered":"<p>Unikaten obesek kolekcije Versy iz Labradorita na \u010drnem usnjenem traku s prilagodljivo dol\u017eino (poteg vozla gor oz. dol). MATERIAL: Labradorit, \u010drno usnje DOL\u017dINA: prilagodljiva (38-77 cm) VELIKOST KAMNA: 2,2&#215;3,8 cm DEBELINA KAMNA: 0,3 cm TE\u017dA: 10,2 g<\/p>","protected":false},"featured_media":26816,"template":"","meta":[],"product_brand":[],"product_cat":[54,92,309],"product_tag":[648,294],"class_list":{"0":"post-26815","1":"product","2":"type-product","3":"status-publish","4":"has-post-thumbnail","6":"product_cat-labradorit","7":"product_cat-obeski-in-usnje","8":"product_cat-versy","9":"product_tag-crno-usnje","10":"product_tag-labradorit","12":"first","13":"instock","14":"shipping-taxable","15":"purchasable","16":"product-type-simple"},"_links":{"self":[{"href":"https:\/\/moirai.si\/hr\/wp-json\/wp\/v2\/product\/26815","targetHints":{"allow":["GET"]}}],"collection":[{"href":"https:\/\/moirai.si\/hr\/wp-json\/wp\/v2\/product"}],"about":[{"href":"https:\/\/moirai.si\/hr\/wp-json\/wp\/v2\/types\/product"}],"wp:featuredmedia":[{"embeddable":true,"href":"https:\/\/moirai.si\/hr\/wp-json\/wp\/v2\/media\/26816"}],"wp:attachment":[{"href":"https:\/\/moirai.si\/hr\/wp-json\/wp\/v2\/media?parent=26815"}],"wp:term":[{"taxonomy":"product_brand","embeddable":true,"href":"https:\/\/moirai.si\/hr\/wp-json\/wp\/v2\/product_brand?post=26815"},{"taxonomy":"product_cat","embeddable":true,"href":"https:\/\/moirai.si\/hr\/wp-json\/wp\/v2\/product_cat?post=26815"},{"taxonomy":"product_tag","embeddable":true,"href":"https:\/\/moirai.si\/hr\/wp-json\/wp\/v2\/product_tag?post=26815"}],"curies":[{"name":"wp","href":"https:\/\/api.w.org\/{rel}","templated":true}]}}