{"id":26836,"date":"2025-12-03T13:46:06","date_gmt":"2025-12-03T13:46:06","guid":{"rendered":"https:\/\/moirai.si\/?post_type=product&#038;p=26836"},"modified":"2025-12-03T13:46:06","modified_gmt":"2025-12-03T13:46:06","slug":"versy-sodalit-8","status":"publish","type":"product","link":"https:\/\/moirai.si\/hr\/izdelek\/versy-sodalit-8\/","title":{"rendered":"Versy Sodalit"},"content":{"rendered":"<p>Unikaten obesek kolekcije Versy iz Sodalita na \u010drnem usnjenem traku s prilagodljivo dol\u017eino (poteg vozla gor oz. dol). <\/p>\n<p>MATERIJAL: Sodalit, crna ko\u017ea<br \/>\nDU\u017dINA: podesiva (38-77 cm)<br \/>\nDIMENZIJA KAMENA: 1,4\u00d72,3 cm<br \/>\nDEBLJINA KAMENA: 1,1 cm<br \/>\nTE\u017dINA: 10,1 g<\/p>","protected":false},"excerpt":{"rendered":"<p>Unikaten obesek kolekcije Versy iz Sodalita na \u010drnem usnjenem traku s prilagodljivo dol\u017eino (poteg vozla gor oz. dol). MATERIAL: Sodalit, \u010drno usnje DOL\u017dINA: prilagodljiva (38-77 cm) VELIKOST KAMNA: 1,4&#215;2,3 cm DEBELINA KAMNA: 1,1 cm TE\u017dA: 10,1 g<\/p>","protected":false},"featured_media":26837,"template":"","meta":[],"product_brand":[],"product_cat":[92,77,309],"product_tag":[648,227],"class_list":{"0":"post-26836","1":"product","2":"type-product","3":"status-publish","4":"has-post-thumbnail","6":"product_cat-obeski-in-usnje","7":"product_cat-sodalit","8":"product_cat-versy","9":"product_tag-crno-usnje","10":"product_tag-sodalit","12":"first","13":"instock","14":"shipping-taxable","15":"purchasable","16":"product-type-simple"},"_links":{"self":[{"href":"https:\/\/moirai.si\/hr\/wp-json\/wp\/v2\/product\/26836","targetHints":{"allow":["GET"]}}],"collection":[{"href":"https:\/\/moirai.si\/hr\/wp-json\/wp\/v2\/product"}],"about":[{"href":"https:\/\/moirai.si\/hr\/wp-json\/wp\/v2\/types\/product"}],"wp:featuredmedia":[{"embeddable":true,"href":"https:\/\/moirai.si\/hr\/wp-json\/wp\/v2\/media\/26837"}],"wp:attachment":[{"href":"https:\/\/moirai.si\/hr\/wp-json\/wp\/v2\/media?parent=26836"}],"wp:term":[{"taxonomy":"product_brand","embeddable":true,"href":"https:\/\/moirai.si\/hr\/wp-json\/wp\/v2\/product_brand?post=26836"},{"taxonomy":"product_cat","embeddable":true,"href":"https:\/\/moirai.si\/hr\/wp-json\/wp\/v2\/product_cat?post=26836"},{"taxonomy":"product_tag","embeddable":true,"href":"https:\/\/moirai.si\/hr\/wp-json\/wp\/v2\/product_tag?post=26836"}],"curies":[{"name":"wp","href":"https:\/\/api.w.org\/{rel}","templated":true}]}}