{"id":26863,"date":"2025-12-04T08:41:50","date_gmt":"2025-12-04T08:41:50","guid":{"rendered":"https:\/\/moirai.si\/?post_type=product&#038;p=26863"},"modified":"2025-12-04T08:41:51","modified_gmt":"2025-12-04T08:41:51","slug":"versy-kamena-strela-10","status":"publish","type":"product","link":"https:\/\/moirai.si\/hr\/izdelek\/versy-kamena-strela-10\/","title":{"rendered":"Versy Gorski kristal"},"content":{"rendered":"<p>Unikaten obesek kolekcije Versy iz Kamene Strele na \u010drnem usnjenem traku s prilagodljivo dol\u017eino (poteg vozla gor oz. dol). <\/p>\n<p>MATERIAL: Gorski Kristal, crna ko\u017ea<br \/>\nDU\u017dINA: podesiva (38-77 cm)<br \/>\nVELIKOST KAMNA: 0,7&#215;2,2 cm<br \/>\nDEBLJINA KAMENA: 0,7 cm<br \/>\nTE\u017dINA: 6,1 g<\/p>","protected":false},"excerpt":{"rendered":"<p>Unikaten obesek kolekcije Versy iz Kamene Strele na \u010drnem usnjenem traku s prilagodljivo dol\u017eino (poteg vozla gor oz. dol). MATERIAL: Kamena Strela, \u010drno usnje DOL\u017dINA: prilagodljiva (38-77 cm) VELIKOST KAMNA: 0,7&#215;2,2 cm DEBELINA KAMNA: 0,7 cm TE\u017dA: 6,1 g<\/p>","protected":false},"featured_media":26864,"template":"","meta":[],"product_brand":[],"product_cat":[68,92,309],"product_tag":[648,203],"class_list":{"0":"post-26863","1":"product","2":"type-product","3":"status-publish","4":"has-post-thumbnail","6":"product_cat-kamena-strela","7":"product_cat-obeski-in-usnje","8":"product_cat-versy","9":"product_tag-crno-usnje","10":"product_tag-kamena-strela","12":"first","13":"instock","14":"shipping-taxable","15":"purchasable","16":"product-type-simple"},"_links":{"self":[{"href":"https:\/\/moirai.si\/hr\/wp-json\/wp\/v2\/product\/26863","targetHints":{"allow":["GET"]}}],"collection":[{"href":"https:\/\/moirai.si\/hr\/wp-json\/wp\/v2\/product"}],"about":[{"href":"https:\/\/moirai.si\/hr\/wp-json\/wp\/v2\/types\/product"}],"wp:featuredmedia":[{"embeddable":true,"href":"https:\/\/moirai.si\/hr\/wp-json\/wp\/v2\/media\/26864"}],"wp:attachment":[{"href":"https:\/\/moirai.si\/hr\/wp-json\/wp\/v2\/media?parent=26863"}],"wp:term":[{"taxonomy":"product_brand","embeddable":true,"href":"https:\/\/moirai.si\/hr\/wp-json\/wp\/v2\/product_brand?post=26863"},{"taxonomy":"product_cat","embeddable":true,"href":"https:\/\/moirai.si\/hr\/wp-json\/wp\/v2\/product_cat?post=26863"},{"taxonomy":"product_tag","embeddable":true,"href":"https:\/\/moirai.si\/hr\/wp-json\/wp\/v2\/product_tag?post=26863"}],"curies":[{"name":"wp","href":"https:\/\/api.w.org\/{rel}","templated":true}]}}