{"id":26870,"date":"2025-12-04T08:51:03","date_gmt":"2025-12-04T08:51:03","guid":{"rendered":"https:\/\/moirai.si\/?post_type=product&#038;p=26870"},"modified":"2025-12-04T08:51:04","modified_gmt":"2025-12-04T08:51:04","slug":"versy-rubin","status":"publish","type":"product","link":"https:\/\/moirai.si\/hr\/izdelek\/versy-rubin\/","title":{"rendered":"Versy Rubin"},"content":{"rendered":"<p>Unikaten obesek kolekcije Versy iz Rubina na \u010drnem usnjenem traku s prilagodljivo dol\u017eino (poteg vozla gor oz. dol). <\/p>\n<p>MATERIAL: Rubin, crna ko\u017ea<br \/>\nDU\u017dINA: podesiva (38-77 cm)<br \/>\nVELIKOST KAMNA: 1,9&#215;3,3 cm<br \/>\nDEBLJINA KAMENA: 1 cm<br \/>\nTE\u017dA: 20,5g<\/p>","protected":false},"excerpt":{"rendered":"<p>Unikaten obesek kolekcije Versy iz Rubina na \u010drnem usnjenem traku s prilagodljivo dol\u017eino (poteg vozla gor oz. dol). MATERIAL: Rubin, \u010drno usnje DOL\u017dINA: prilagodljiva (38-77 cm) VELIKOST KAMNA: 1,9&#215;3,3 cm DEBELINA KAMNA: 1 cm TE\u017dA: 20,5g<\/p>","protected":false},"featured_media":26871,"template":"","meta":[],"product_brand":[],"product_cat":[92,73,309],"product_tag":[648,492],"class_list":{"0":"post-26870","1":"product","2":"type-product","3":"status-publish","4":"has-post-thumbnail","6":"product_cat-obeski-in-usnje","7":"product_cat-rubin","8":"product_cat-versy","9":"product_tag-crno-usnje","10":"product_tag-rubin","12":"first","13":"instock","14":"shipping-taxable","15":"purchasable","16":"product-type-simple"},"_links":{"self":[{"href":"https:\/\/moirai.si\/hr\/wp-json\/wp\/v2\/product\/26870","targetHints":{"allow":["GET"]}}],"collection":[{"href":"https:\/\/moirai.si\/hr\/wp-json\/wp\/v2\/product"}],"about":[{"href":"https:\/\/moirai.si\/hr\/wp-json\/wp\/v2\/types\/product"}],"wp:featuredmedia":[{"embeddable":true,"href":"https:\/\/moirai.si\/hr\/wp-json\/wp\/v2\/media\/26871"}],"wp:attachment":[{"href":"https:\/\/moirai.si\/hr\/wp-json\/wp\/v2\/media?parent=26870"}],"wp:term":[{"taxonomy":"product_brand","embeddable":true,"href":"https:\/\/moirai.si\/hr\/wp-json\/wp\/v2\/product_brand?post=26870"},{"taxonomy":"product_cat","embeddable":true,"href":"https:\/\/moirai.si\/hr\/wp-json\/wp\/v2\/product_cat?post=26870"},{"taxonomy":"product_tag","embeddable":true,"href":"https:\/\/moirai.si\/hr\/wp-json\/wp\/v2\/product_tag?post=26870"}],"curies":[{"name":"wp","href":"https:\/\/api.w.org\/{rel}","templated":true}]}}