{"id":26898,"date":"2025-12-04T12:04:29","date_gmt":"2025-12-04T12:04:29","guid":{"rendered":"https:\/\/moirai.si\/?post_type=product&#038;p=26898"},"modified":"2025-12-04T12:04:29","modified_gmt":"2025-12-04T12:04:29","slug":"vrlo-zoisit","status":"publish","type":"product","link":"https:\/\/moirai.si\/hr\/izdelek\/versy-zoisit\/","title":{"rendered":"Versy Zoisit"},"content":{"rendered":"<p>Unikaten obesek kolekcije Versy iz Zoisita na \u010drnem usnjenem traku s prilagodljivo dol\u017eino (poteg vozla gor oz. dol). <\/p>\n<p>MATERIAL: Zoisit, crna ko\u017ea<br \/>\nDU\u017dINA: podesiva (38-77 cm)<br \/>\nVELI\u010cINA KAMENA: 2,2 \u00d7 2,9 cm<br \/>\nDEBLJINA KAMENA: 0,7 cm<br \/>\nTE\u017dA: 11,8 g<\/p>","protected":false},"excerpt":{"rendered":"<p>Unikaten obesek kolekcije Versy iz Zoisita na \u010drnem usnjenem traku s prilagodljivo dol\u017eino (poteg vozla gor oz. dol). MATERIAL: Zoisit, \u010drno usnje DOL\u017dINA: prilagodljiva (38-77 cm) VELIKOST KAMNA: 2,2&#215;2,9 cm DEBELINA KAMNA: 0,7 cm TE\u017dA: 11,8 g<\/p>","protected":false},"featured_media":26899,"template":"","meta":[],"product_brand":[],"product_cat":[92,309,849],"product_tag":[648,951],"class_list":{"0":"post-26898","1":"product","2":"type-product","3":"status-publish","4":"has-post-thumbnail","6":"product_cat-obeski-in-usnje","7":"product_cat-versy","8":"product_cat-zoisit","9":"product_tag-crno-usnje","10":"product_tag-zoisit","12":"first","13":"instock","14":"shipping-taxable","15":"purchasable","16":"product-type-simple"},"_links":{"self":[{"href":"https:\/\/moirai.si\/hr\/wp-json\/wp\/v2\/product\/26898","targetHints":{"allow":["GET"]}}],"collection":[{"href":"https:\/\/moirai.si\/hr\/wp-json\/wp\/v2\/product"}],"about":[{"href":"https:\/\/moirai.si\/hr\/wp-json\/wp\/v2\/types\/product"}],"wp:featuredmedia":[{"embeddable":true,"href":"https:\/\/moirai.si\/hr\/wp-json\/wp\/v2\/media\/26899"}],"wp:attachment":[{"href":"https:\/\/moirai.si\/hr\/wp-json\/wp\/v2\/media?parent=26898"}],"wp:term":[{"taxonomy":"product_brand","embeddable":true,"href":"https:\/\/moirai.si\/hr\/wp-json\/wp\/v2\/product_brand?post=26898"},{"taxonomy":"product_cat","embeddable":true,"href":"https:\/\/moirai.si\/hr\/wp-json\/wp\/v2\/product_cat?post=26898"},{"taxonomy":"product_tag","embeddable":true,"href":"https:\/\/moirai.si\/hr\/wp-json\/wp\/v2\/product_tag?post=26898"}],"curies":[{"name":"wp","href":"https:\/\/api.w.org\/{rel}","templated":true}]}}