{"id":26908,"date":"2025-12-04T12:55:58","date_gmt":"2025-12-04T12:55:58","guid":{"rendered":"https:\/\/moirai.si\/?post_type=product&#038;p=26908"},"modified":"2025-12-04T12:55:58","modified_gmt":"2025-12-04T12:55:58","slug":"versy-kvarc-dimni","status":"publish","type":"product","link":"https:\/\/moirai.si\/hr\/izdelek\/versy-kvarc-dimni\/","title":{"rendered":"Versy Kvarc Dimni"},"content":{"rendered":"<p>Unikaten obesek kolekcije Versy iz Dimnega Kvarca na \u010drnem usnjenem traku s prilagodljivo dol\u017eino (poteg vozla gor oz. dol). <\/p>\n<p>MATERIAL: Dimni Kvarc, \u010drno usnje<br \/>\nDU\u017dINA: podesiva (38-77 cm)<br \/>\nDIMENZIJA KAMENA: 1,8\u00d72,5 cm<br \/>\nDEBLJINA KAMENA: 1,3 cm<br \/>\nTE\u017dA: 14,1 g<\/p>","protected":false},"excerpt":{"rendered":"<p>Unikaten obesek kolekcije Versy iz Dimnega Kvarca na \u010drnem usnjenem traku s prilagodljivo dol\u017eino (poteg vozla gor oz. dol). MATERIAL: Dimni Kvarc, \u010drno usnje DOL\u017dINA: prilagodljiva (38-77 cm) VELIKOST KAMNA: 1,8&#215;2,5 cm DEBELINA KAMNA: 1,3 cm TE\u017dA: 14,1 g<\/p>","protected":false},"featured_media":26909,"template":"","meta":[],"product_brand":[],"product_cat":[848,92,309],"product_tag":[648,365],"class_list":{"0":"post-26908","1":"product","2":"type-product","3":"status-publish","4":"has-post-thumbnail","6":"product_cat-kvarc","7":"product_cat-obeski-in-usnje","8":"product_cat-versy","9":"product_tag-crno-usnje","10":"product_tag-dimni-kvarc","12":"first","13":"instock","14":"shipping-taxable","15":"purchasable","16":"product-type-simple"},"_links":{"self":[{"href":"https:\/\/moirai.si\/hr\/wp-json\/wp\/v2\/product\/26908","targetHints":{"allow":["GET"]}}],"collection":[{"href":"https:\/\/moirai.si\/hr\/wp-json\/wp\/v2\/product"}],"about":[{"href":"https:\/\/moirai.si\/hr\/wp-json\/wp\/v2\/types\/product"}],"wp:featuredmedia":[{"embeddable":true,"href":"https:\/\/moirai.si\/hr\/wp-json\/wp\/v2\/media\/26909"}],"wp:attachment":[{"href":"https:\/\/moirai.si\/hr\/wp-json\/wp\/v2\/media?parent=26908"}],"wp:term":[{"taxonomy":"product_brand","embeddable":true,"href":"https:\/\/moirai.si\/hr\/wp-json\/wp\/v2\/product_brand?post=26908"},{"taxonomy":"product_cat","embeddable":true,"href":"https:\/\/moirai.si\/hr\/wp-json\/wp\/v2\/product_cat?post=26908"},{"taxonomy":"product_tag","embeddable":true,"href":"https:\/\/moirai.si\/hr\/wp-json\/wp\/v2\/product_tag?post=26908"}],"curies":[{"name":"wp","href":"https:\/\/api.w.org\/{rel}","templated":true}]}}