{"id":26927,"date":"2025-12-04T13:30:31","date_gmt":"2025-12-04T13:30:31","guid":{"rendered":"https:\/\/moirai.si\/?post_type=product&#038;p=26927"},"modified":"2025-12-04T13:31:51","modified_gmt":"2025-12-04T13:31:51","slug":"versy-rodonit-7","status":"publish","type":"product","link":"https:\/\/moirai.si\/hr\/izdelek\/versy-rodonit-7\/","title":{"rendered":"Versy Rodonit"},"content":{"rendered":"<p>Unikaten obesek kolekcije Versy iz Rodonita na \u010drnem usnjenem traku s prilagodljivo dol\u017eino (poteg vozla gor oz. dol). <\/p>\n<p>MATERIAL: Rodonit, crna ko\u017ea<br \/>\nDU\u017dINA: podesiva (38-77 cm)<br \/>\nVELI\u010cINA KAMENA: 1,8 \u00d7 2,3 cm<br \/>\nDEBLJINA KAMENA: 1,1 cm<br \/>\nTE\u017dINA: 14,7 g<\/p>","protected":false},"excerpt":{"rendered":"<p>Unikaten obesek kolekcije Versy iz Rodonita na \u010drnem usnjenem traku s prilagodljivo dol\u017eino (poteg vozla gor oz. dol). MATERIAL: Rodonit, \u010drno usnje DOL\u017dINA: prilagodljiva (38-77 cm) VELIKOST KAMNA: 1,8&#215;2,3 cm DEBELINA KAMNA: 1,1 cm TE\u017dA: 14,7 g<\/p>","protected":false},"featured_media":26928,"template":"","meta":[],"product_brand":[],"product_cat":[92,70,309],"product_tag":[648,204],"class_list":{"0":"post-26927","1":"product","2":"type-product","3":"status-publish","4":"has-post-thumbnail","6":"product_cat-obeski-in-usnje","7":"product_cat-rodonit","8":"product_cat-versy","9":"product_tag-crno-usnje","10":"product_tag-rodonit","12":"first","13":"instock","14":"shipping-taxable","15":"purchasable","16":"product-type-simple"},"_links":{"self":[{"href":"https:\/\/moirai.si\/hr\/wp-json\/wp\/v2\/product\/26927","targetHints":{"allow":["GET"]}}],"collection":[{"href":"https:\/\/moirai.si\/hr\/wp-json\/wp\/v2\/product"}],"about":[{"href":"https:\/\/moirai.si\/hr\/wp-json\/wp\/v2\/types\/product"}],"wp:featuredmedia":[{"embeddable":true,"href":"https:\/\/moirai.si\/hr\/wp-json\/wp\/v2\/media\/26928"}],"wp:attachment":[{"href":"https:\/\/moirai.si\/hr\/wp-json\/wp\/v2\/media?parent=26927"}],"wp:term":[{"taxonomy":"product_brand","embeddable":true,"href":"https:\/\/moirai.si\/hr\/wp-json\/wp\/v2\/product_brand?post=26927"},{"taxonomy":"product_cat","embeddable":true,"href":"https:\/\/moirai.si\/hr\/wp-json\/wp\/v2\/product_cat?post=26927"},{"taxonomy":"product_tag","embeddable":true,"href":"https:\/\/moirai.si\/hr\/wp-json\/wp\/v2\/product_tag?post=26927"}],"curies":[{"name":"wp","href":"https:\/\/api.w.org\/{rel}","templated":true}]}}