{"id":27017,"date":"2025-12-17T13:44:18","date_gmt":"2025-12-17T13:44:18","guid":{"rendered":"https:\/\/moirai.si\/?post_type=product&#038;p=27017"},"modified":"2025-12-17T13:44:57","modified_gmt":"2025-12-17T13:44:57","slug":"clasic-lava","status":"publish","type":"product","link":"https:\/\/moirai.si\/hr\/izdelek\/clasic-lava\/","title":{"rendered":"Clasic Lava"},"content":{"rendered":"<p>Elegantni uhani kolekcije Clasic, ki so narejeni iz \u010drne Lave in rodiniranega srebra 925.<\/p>\n<p>MATERIAL: crna Lava, rodinirano srebro 925<br \/>\nVELI\u010cINA KAMENI\u0106A: 9 mm<br \/>\nDU\u017dINA NAU\u0160NICE: 3.5 cm<br \/>\nTE\u017dA: 3,9 g<\/p>","protected":false},"excerpt":{"rendered":"<p>Elegantni uhani kolekcije Clasic, ki so narejeni iz \u010drne Lave in rodiniranega srebra 925. MATERIAL: \u010drna Lava, rodinirano srebro 925 VELIKOST KAMNOV: 9 mm DOL\u017dINA UHANA: 3.5 cm TE\u017dA: 3,9 g<\/p>","protected":false},"featured_media":27018,"template":"","meta":[],"product_brand":[],"product_cat":[750,1138,1141],"product_tag":[785,637],"class_list":{"0":"post-27017","1":"product","2":"type-product","3":"status-publish","4":"has-post-thumbnail","6":"product_cat-lava","7":"product_cat-ogled-vseh-uhani","8":"product_cat-uhani-clasic","9":"product_tag-crna-lava","10":"product_tag-rodinirano-srebro-925","12":"first","13":"instock","14":"shipping-taxable","15":"purchasable","16":"product-type-simple"},"_links":{"self":[{"href":"https:\/\/moirai.si\/hr\/wp-json\/wp\/v2\/product\/27017","targetHints":{"allow":["GET"]}}],"collection":[{"href":"https:\/\/moirai.si\/hr\/wp-json\/wp\/v2\/product"}],"about":[{"href":"https:\/\/moirai.si\/hr\/wp-json\/wp\/v2\/types\/product"}],"wp:featuredmedia":[{"embeddable":true,"href":"https:\/\/moirai.si\/hr\/wp-json\/wp\/v2\/media\/27018"}],"wp:attachment":[{"href":"https:\/\/moirai.si\/hr\/wp-json\/wp\/v2\/media?parent=27017"}],"wp:term":[{"taxonomy":"product_brand","embeddable":true,"href":"https:\/\/moirai.si\/hr\/wp-json\/wp\/v2\/product_brand?post=27017"},{"taxonomy":"product_cat","embeddable":true,"href":"https:\/\/moirai.si\/hr\/wp-json\/wp\/v2\/product_cat?post=27017"},{"taxonomy":"product_tag","embeddable":true,"href":"https:\/\/moirai.si\/hr\/wp-json\/wp\/v2\/product_tag?post=27017"}],"curies":[{"name":"wp","href":"https:\/\/api.w.org\/{rel}","templated":true}]}}