{"id":3716,"date":"2015-11-29T14:31:34","date_gmt":"2015-11-29T14:31:34","guid":{"rendered":"http:\/\/moirai.si\/?post_type=product&#038;p=3716"},"modified":"2026-03-26T12:36:01","modified_gmt":"2026-03-26T12:36:01","slug":"karneol-s","status":"publish","type":"product","link":"https:\/\/moirai.si\/hr\/izdelek\/karneol-s\/","title":{"rendered":"Karneol S"},"content":{"rendered":"<p>Prekrasan komad poliranog karneola, pogodan kao ljekoviti kamen za ruke ili kao poklon. Slika je simboli\u010dna. Mogu\u0107a su manja odstupanja u boji, te\u017eini i obliku.<\/p>\n<p>Vi\u0161e informacija: <a href=\"https:\/\/moirai.si\/hr\/karneol\/\" target=\"_blank\" rel=\"noopener noreferrer\">Karneol<\/a><\/p>\n<p>MATERIJAL: Karneol (Brazil)<br \/>\nDIMENZIJE: cca 1-1,5 cm<br \/>\nTE\u017dINA: 5-10 g<\/p>","protected":false},"excerpt":{"rendered":"<p>\u010cudovit kos spoliranega Karneola, primeren kot zdravilni ro\u010dni kamen ali kot darilo. Slika je simboli\u010dna. Mo\u017ena so manj\u0161a odstopanja v barvi, te\u017ei in obliki. Ve\u010d informacij: Karneol MATERIAL: Karneol (Brazilija) DIMENZIJE: cca 1-1,5 cm TE\u017dA: 5-10 g<\/p>","protected":false},"featured_media":22396,"template":"","meta":[],"product_brand":[],"product_cat":[48,753],"product_tag":[198],"class_list":{"0":"post-3716","1":"product","2":"type-product","3":"status-publish","4":"has-post-thumbnail","6":"product_cat-karneol","7":"product_cat-rocni-kamni","8":"product_tag-karneol","10":"first","11":"instock","12":"purchasable","13":"product-type-simple"},"_links":{"self":[{"href":"https:\/\/moirai.si\/hr\/wp-json\/wp\/v2\/product\/3716","targetHints":{"allow":["GET"]}}],"collection":[{"href":"https:\/\/moirai.si\/hr\/wp-json\/wp\/v2\/product"}],"about":[{"href":"https:\/\/moirai.si\/hr\/wp-json\/wp\/v2\/types\/product"}],"wp:featuredmedia":[{"embeddable":true,"href":"https:\/\/moirai.si\/hr\/wp-json\/wp\/v2\/media\/22396"}],"wp:attachment":[{"href":"https:\/\/moirai.si\/hr\/wp-json\/wp\/v2\/media?parent=3716"}],"wp:term":[{"taxonomy":"product_brand","embeddable":true,"href":"https:\/\/moirai.si\/hr\/wp-json\/wp\/v2\/product_brand?post=3716"},{"taxonomy":"product_cat","embeddable":true,"href":"https:\/\/moirai.si\/hr\/wp-json\/wp\/v2\/product_cat?post=3716"},{"taxonomy":"product_tag","embeddable":true,"href":"https:\/\/moirai.si\/hr\/wp-json\/wp\/v2\/product_tag?post=3716"}],"curies":[{"name":"wp","href":"https:\/\/api.w.org\/{rel}","templated":true}]}}