{"id":3725,"date":"2015-11-29T16:08:00","date_gmt":"2015-11-29T16:08:00","guid":{"rendered":"http:\/\/moirai.si\/?post_type=product&#038;p=3725"},"modified":"2026-03-26T12:45:38","modified_gmt":"2026-03-26T12:45:38","slug":"rozevec-m","status":"publish","type":"product","link":"https:\/\/moirai.si\/hr\/izdelek\/rozevec-m\/","title":{"rendered":"Rozenkvarc M"},"content":{"rendered":"<p>Prekrasan komad bru\u0161enog Rozenkvarca, pogodan kao ljekoviti ru\u010dni kamen ili kao poklon. Slika je simboli\u010dna. Mogu\u0107a su manja odstupanja u boji, te\u017eini i obliki.<\/p>\n<p>Vi\u0161e informacija: <a href=\"https:\/\/moirai.si\/hr\/cvijet-ruze\/\" target=\"_blank\" rel=\"noopener noreferrer\">Rozenkvarc<\/a><\/p>\n<p>MATERIJAL: Rozenkvarc (Brazil)<br \/>\nDIMENZIJE: cca 1,5-2,5 cm<br \/>\nTE\u017dINA: 10-20 g<\/p>","protected":false},"excerpt":{"rendered":"<p>\u010cudovit kos spoliranega Ro\u017eevca, primeren kot zdravilni ro\u010dni kamen ali kot darilo. Slika je simboli\u010dna. Mo\u017ena so manj\u0161a odstopanja v barvi, te\u017ei in obliki. Ve\u010d informacij: Ro\u017eevec MATERIAL: Ro\u017eevec (Brazilija) DIMENZIJE: cca 1.5-2.5 cm TE\u017dA: 10-20 g<\/p>","protected":false},"featured_media":22471,"template":"","meta":[],"product_brand":[],"product_cat":[753,69],"product_tag":[225],"class_list":{"0":"post-3725","1":"product","2":"type-product","3":"status-publish","4":"has-post-thumbnail","6":"product_cat-rocni-kamni","7":"product_cat-rozevec","8":"product_tag-rozevec","10":"first","11":"instock","12":"purchasable","13":"product-type-simple"},"_links":{"self":[{"href":"https:\/\/moirai.si\/hr\/wp-json\/wp\/v2\/product\/3725","targetHints":{"allow":["GET"]}}],"collection":[{"href":"https:\/\/moirai.si\/hr\/wp-json\/wp\/v2\/product"}],"about":[{"href":"https:\/\/moirai.si\/hr\/wp-json\/wp\/v2\/types\/product"}],"wp:featuredmedia":[{"embeddable":true,"href":"https:\/\/moirai.si\/hr\/wp-json\/wp\/v2\/media\/22471"}],"wp:attachment":[{"href":"https:\/\/moirai.si\/hr\/wp-json\/wp\/v2\/media?parent=3725"}],"wp:term":[{"taxonomy":"product_brand","embeddable":true,"href":"https:\/\/moirai.si\/hr\/wp-json\/wp\/v2\/product_brand?post=3725"},{"taxonomy":"product_cat","embeddable":true,"href":"https:\/\/moirai.si\/hr\/wp-json\/wp\/v2\/product_cat?post=3725"},{"taxonomy":"product_tag","embeddable":true,"href":"https:\/\/moirai.si\/hr\/wp-json\/wp\/v2\/product_tag?post=3725"}],"curies":[{"name":"wp","href":"https:\/\/api.w.org\/{rel}","templated":true}]}}