{"id":3740,"date":"2015-11-29T17:32:20","date_gmt":"2015-11-29T17:32:20","guid":{"rendered":"http:\/\/moirai.si\/?post_type=product&#038;p=3740"},"modified":"2026-03-26T12:45:52","modified_gmt":"2026-03-26T12:45:52","slug":"krizopraz-s","status":"publish","type":"product","link":"https:\/\/moirai.si\/hr\/izdelek\/hrizopras-s\/","title":{"rendered":"Krizopraz S"},"content":{"rendered":"<p>Prekrasan komad poliranog krizopraza, pogodan kao ljekoviti kamen za ruke ili kao poklon. Slika je simboli\u010dna. Mogu\u0107a su manja odstupanja u boji, te\u017eini i obliku.<\/p>\n<p>Vi\u0161e informacija: <a href=\"https:\/\/moirai.si\/hr\/krizopraza\/\" target=\"_blank\" rel=\"noopener noreferrer\">Krizopras<\/a><\/p>\n<p>MATERIJAL: Krizopras (Chrysoprase)<br \/>\nDIMENZIJE: cca. 2-3 cm<br \/>\nTE\u017dINA: 2-10 g<\/p>","protected":false},"excerpt":{"rendered":"<p>\u010cudovit kos spoliranega Hrizopraza, primeren kot zdravilni ro\u010dni kamen ali kot darilo. Slika je simboli\u010dna. Mo\u017ena so manj\u0161a odstopanja v barvi, te\u017ei in obliki. Ve\u010d informacij: Hrizopras MATERIAL: Hrizopras (Hrizopraz) DIMENZIJE: cca 2-3 cm TE\u017dA: 2-10 g<\/p>","protected":false},"featured_media":19095,"template":"","meta":[],"product_brand":[],"product_cat":[43,753],"product_tag":[326],"class_list":{"0":"post-3740","1":"product","2":"type-product","3":"status-publish","4":"has-post-thumbnail","6":"product_cat-hrizopras","7":"product_cat-rocni-kamni","8":"product_tag-hrizopras","10":"first","11":"instock","12":"purchasable","13":"product-type-simple"},"_links":{"self":[{"href":"https:\/\/moirai.si\/hr\/wp-json\/wp\/v2\/product\/3740","targetHints":{"allow":["GET"]}}],"collection":[{"href":"https:\/\/moirai.si\/hr\/wp-json\/wp\/v2\/product"}],"about":[{"href":"https:\/\/moirai.si\/hr\/wp-json\/wp\/v2\/types\/product"}],"wp:featuredmedia":[{"embeddable":true,"href":"https:\/\/moirai.si\/hr\/wp-json\/wp\/v2\/media\/19095"}],"wp:attachment":[{"href":"https:\/\/moirai.si\/hr\/wp-json\/wp\/v2\/media?parent=3740"}],"wp:term":[{"taxonomy":"product_brand","embeddable":true,"href":"https:\/\/moirai.si\/hr\/wp-json\/wp\/v2\/product_brand?post=3740"},{"taxonomy":"product_cat","embeddable":true,"href":"https:\/\/moirai.si\/hr\/wp-json\/wp\/v2\/product_cat?post=3740"},{"taxonomy":"product_tag","embeddable":true,"href":"https:\/\/moirai.si\/hr\/wp-json\/wp\/v2\/product_tag?post=3740"}],"curies":[{"name":"wp","href":"https:\/\/api.w.org\/{rel}","templated":true}]}}