{"id":6398,"date":"2016-01-24T14:38:55","date_gmt":"2016-01-24T14:38:55","guid":{"rendered":"https:\/\/moirai.si\/?post_type=product&#038;p=6398"},"modified":"2025-01-13T15:39:31","modified_gmt":"2025-01-13T15:39:31","slug":"makrame-tigrovo-oko","status":"publish","type":"product","link":"https:\/\/moirai.si\/hr\/izdelek\/macrame-tigrovo-oko\/","title":{"rendered":"Macrame Tigrovo oko"},"content":{"rendered":"<p>Unisex narukvica iz kolekcije Macrame, izra\u0111ena od Tigrovog oka. Narukvica je podesiva i jednostavna za no\u0161enje. Slika je simboli\u010dna, mogu\u0107a su manja odstupanja u boji i te\u017eini.<\/p>\n<p>Vi\u0161e informacija: <a href=\"https:\/\/moirai.si\/hr\/tigrovo-oko\/\" target=\"_blank\" rel=\"noopener noreferrer\">Tigrovo Oko<\/a><\/p>\n<p>MATERIJAL: Tigrovo oko<br \/>\nDU\u017dINA: podesiva od 16-25 cm<br \/>\nTE\u017dINA: 6,8 g<br \/>\nVELI\u010cINA KAMENA: 6 mm<\/p>","protected":false},"excerpt":{"rendered":"<p>Unisex zapestnica kolekcije Macrame, ki je narejena iz Tigrovega O\u010desa. Zapestnica je prilagodljiva in enostavna za no\u0161enje. Slika je simboli\u010dna, mo\u017ena so manj\u0161a odstopanja v barvi in te\u017ei. Ve\u010d informacij: Tigrovo Oko MATERIAL: Tigrovo Oko DOL\u017dINA: prilagodljiva od 16-25 cm TE\u017dA: 6.8g VELIKOST KAMNOV: 6mm<\/p>","protected":false},"featured_media":13767,"template":"","meta":[],"product_brand":[],"product_cat":[820,187,212,29,821,822,823,1137,81],"product_tag":[463,462,199],"class_list":{"0":"post-6398","1":"product","2":"type-product","3":"status-publish","4":"has-post-thumbnail","6":"product_cat-do-18cm","7":"product_cat-kolekcije","8":"product_cat-macrame-2","9":"product_cat-nakup-po-kamnih","10":"product_cat-od-18-do-19cm","11":"product_cat-od-19-do-20cm","12":"product_cat-od-20cm","13":"product_cat-ogled-vseh-zapestnice-2","14":"product_cat-tigrovo-oko","15":"product_tag-crna-bombazno-voscena-vrvica","16":"product_tag-macrame","17":"product_tag-tigrovo-oko","19":"first","20":"instock","21":"sold-individually","22":"purchasable","23":"product-type-simple"},"_links":{"self":[{"href":"https:\/\/moirai.si\/hr\/wp-json\/wp\/v2\/product\/6398","targetHints":{"allow":["GET"]}}],"collection":[{"href":"https:\/\/moirai.si\/hr\/wp-json\/wp\/v2\/product"}],"about":[{"href":"https:\/\/moirai.si\/hr\/wp-json\/wp\/v2\/types\/product"}],"wp:featuredmedia":[{"embeddable":true,"href":"https:\/\/moirai.si\/hr\/wp-json\/wp\/v2\/media\/13767"}],"wp:attachment":[{"href":"https:\/\/moirai.si\/hr\/wp-json\/wp\/v2\/media?parent=6398"}],"wp:term":[{"taxonomy":"product_brand","embeddable":true,"href":"https:\/\/moirai.si\/hr\/wp-json\/wp\/v2\/product_brand?post=6398"},{"taxonomy":"product_cat","embeddable":true,"href":"https:\/\/moirai.si\/hr\/wp-json\/wp\/v2\/product_cat?post=6398"},{"taxonomy":"product_tag","embeddable":true,"href":"https:\/\/moirai.si\/hr\/wp-json\/wp\/v2\/product_tag?post=6398"}],"curies":[{"name":"wp","href":"https:\/\/api.w.org\/{rel}","templated":true}]}}