{"id":6416,"date":"2016-01-24T16:50:16","date_gmt":"2016-01-24T16:50:16","guid":{"rendered":"https:\/\/moirai.si\/?post_type=product&#038;p=6416"},"modified":"2025-01-13T15:37:34","modified_gmt":"2025-01-13T15:37:34","slug":"makrame-kalcedon-2","status":"publish","type":"product","link":"https:\/\/moirai.si\/hr\/izdelek\/macrame-kalcedon-2\/","title":{"rendered":"Makrame kalcedon"},"content":{"rendered":"<p>Unisex narukvica iz kolekcije Macrame, izra\u0111ena od kalcedona. Narukvica je fleksibilna i jednostavna za no\u0161enje.<\/p>\n<p>Vi\u0161e informacija: <a href=\"https:\/\/moirai.si\/hr\/kalcedon\/\" target=\"_blank\" rel=\"noopener noreferrer\">Kalcedon<\/a><\/p>\n<p>MATERIJAL: Kalcedon<br \/>\nDU\u017dINA: podesiva od 16-25cm<br \/>\nTE\u017dINA: 6,2 g<br \/>\nVELI\u010cINA KAMENA: 6 mm<br \/>\nKOP\u010cA: podesiva<\/p>","protected":false},"excerpt":{"rendered":"<p>Unisex zapestnica kolekcije Macrame, ki je narejena iz Kalcedona. Zapestnica je prilagodljiva in enostavna za no\u0161enje. Ve\u010d informacij: Kalcedon MATERIAL: Kalcedon DOL\u017dINA: prilagodljiva od 16-25cm TE\u017dA: 6.2g VELIKOST KAMNOV: 6mm ZAPONKA: prilagodljiva<\/p>","protected":false},"featured_media":13773,"template":"","meta":[],"product_brand":[],"product_cat":[820,439,187,212,29,821,822,823,1137],"product_tag":[463,396,462,458],"class_list":{"0":"post-6416","1":"product","2":"type-product","3":"status-publish","4":"has-post-thumbnail","6":"product_cat-do-18cm","7":"product_cat-kalcedon","8":"product_cat-kolekcije","9":"product_cat-macrame-2","10":"product_cat-nakup-po-kamnih","11":"product_cat-od-18-do-19cm","12":"product_cat-od-19-do-20cm","13":"product_cat-od-20cm","14":"product_cat-ogled-vseh-zapestnice-2","15":"product_tag-crna-bombazno-voscena-vrvica","16":"product_tag-kalcedon","17":"product_tag-macrame","18":"product_tag-zapestnica","20":"first","21":"instock","22":"sold-individually","23":"purchasable","24":"product-type-simple"},"_links":{"self":[{"href":"https:\/\/moirai.si\/hr\/wp-json\/wp\/v2\/product\/6416","targetHints":{"allow":["GET"]}}],"collection":[{"href":"https:\/\/moirai.si\/hr\/wp-json\/wp\/v2\/product"}],"about":[{"href":"https:\/\/moirai.si\/hr\/wp-json\/wp\/v2\/types\/product"}],"wp:featuredmedia":[{"embeddable":true,"href":"https:\/\/moirai.si\/hr\/wp-json\/wp\/v2\/media\/13773"}],"wp:attachment":[{"href":"https:\/\/moirai.si\/hr\/wp-json\/wp\/v2\/media?parent=6416"}],"wp:term":[{"taxonomy":"product_brand","embeddable":true,"href":"https:\/\/moirai.si\/hr\/wp-json\/wp\/v2\/product_brand?post=6416"},{"taxonomy":"product_cat","embeddable":true,"href":"https:\/\/moirai.si\/hr\/wp-json\/wp\/v2\/product_cat?post=6416"},{"taxonomy":"product_tag","embeddable":true,"href":"https:\/\/moirai.si\/hr\/wp-json\/wp\/v2\/product_tag?post=6416"}],"curies":[{"name":"wp","href":"https:\/\/api.w.org\/{rel}","templated":true}]}}