{"id":6419,"date":"2016-01-24T16:55:38","date_gmt":"2016-01-24T16:55:38","guid":{"rendered":"https:\/\/moirai.si\/?post_type=product&#038;p=6419"},"modified":"2025-07-07T16:52:49","modified_gmt":"2025-07-07T16:52:49","slug":"makrame-lapis-lazuli","status":"publish","type":"product","link":"https:\/\/moirai.si\/hr\/izdelek\/macrame-lapis-lazuli\/","title":{"rendered":"Macrame Lapis Lazuli"},"content":{"rendered":"<p>Unisex narukvica iz kolekcije Macrame, izra\u0111ena od lapis lazulija. Narukvica je podesiva i jednostavna za no\u0161enje. Slika je simboli\u010dna. Mogu\u0107a su manja odstupanja u boji i te\u017eini.<\/p>\n<p>Vi\u0161e informacija: <a href=\"https:\/\/moirai.si\/hr\/lapis-lazuli\/\" target=\"_blank\" rel=\"noopener noreferrer\">Lapis Lazuli<\/a><\/p>\n<p>MATERIJAL: Lapis Lazuli<br \/>\nDU\u017dINA: podesiva od 16-25 cm<br \/>\nTE\u017dINA: 7,5 g<br \/>\nVELI\u010cINA KAMENA: 6 mm<br \/>\nKOP\u010cA: podesiva<\/p>","protected":false},"excerpt":{"rendered":"<p>Unisex zapestnica kolekcije Macrame, ki je narejena iz Lapis Lazulija. Zapestnica je prilagodljiva in enostavna za no\u0161enje. Slika je simboli\u010dna. Mo\u017ena so manj\u0161a odstopanja v barvi in te\u017ei. Ve\u010d informacij: Lapis Lazuli MATERIAL: Lapis Lazuli DOL\u017dINA: prilagodljiva od 16-25 cm TE\u017dA: 7.5g VELIKOST KAMNOV: 6mm ZAPONKA: prilagodljiva<\/p>","protected":false},"featured_media":26126,"template":"","meta":[],"product_brand":[],"product_cat":[820,187,55,212,29,821,822,823,1137],"product_tag":[463,280,462,458],"class_list":{"0":"post-6419","1":"product","2":"type-product","3":"status-publish","4":"has-post-thumbnail","6":"product_cat-do-18cm","7":"product_cat-kolekcije","8":"product_cat-lapis-lazuli","9":"product_cat-macrame-2","10":"product_cat-nakup-po-kamnih","11":"product_cat-od-18-do-19cm","12":"product_cat-od-19-do-20cm","13":"product_cat-od-20cm","14":"product_cat-ogled-vseh-zapestnice-2","15":"product_tag-crna-bombazno-voscena-vrvica","16":"product_tag-lapis-lazuli","17":"product_tag-macrame","18":"product_tag-zapestnica","20":"first","21":"instock","22":"sold-individually","23":"purchasable","24":"product-type-simple"},"_links":{"self":[{"href":"https:\/\/moirai.si\/hr\/wp-json\/wp\/v2\/product\/6419","targetHints":{"allow":["GET"]}}],"collection":[{"href":"https:\/\/moirai.si\/hr\/wp-json\/wp\/v2\/product"}],"about":[{"href":"https:\/\/moirai.si\/hr\/wp-json\/wp\/v2\/types\/product"}],"wp:featuredmedia":[{"embeddable":true,"href":"https:\/\/moirai.si\/hr\/wp-json\/wp\/v2\/media\/26126"}],"wp:attachment":[{"href":"https:\/\/moirai.si\/hr\/wp-json\/wp\/v2\/media?parent=6419"}],"wp:term":[{"taxonomy":"product_brand","embeddable":true,"href":"https:\/\/moirai.si\/hr\/wp-json\/wp\/v2\/product_brand?post=6419"},{"taxonomy":"product_cat","embeddable":true,"href":"https:\/\/moirai.si\/hr\/wp-json\/wp\/v2\/product_cat?post=6419"},{"taxonomy":"product_tag","embeddable":true,"href":"https:\/\/moirai.si\/hr\/wp-json\/wp\/v2\/product_tag?post=6419"}],"curies":[{"name":"wp","href":"https:\/\/api.w.org\/{rel}","templated":true}]}}