{"id":6448,"date":"2016-01-24T17:48:26","date_gmt":"2016-01-24T17:48:26","guid":{"rendered":"https:\/\/moirai.si\/?post_type=product&#038;p=6448"},"modified":"2025-01-13T15:36:41","modified_gmt":"2025-01-13T15:36:41","slug":"macje-oko-iz-makramea","status":"publish","type":"product","link":"https:\/\/moirai.si\/hr\/izdelek\/macrame-macje-oko\/","title":{"rendered":"Macrame Crveno Tigrovo Oko"},"content":{"rendered":"<p>Narukvica Macrame crveno Tigrovo oko. Slika je simboli\u010dna. Mogu\u0107e su manje varijacije u obliki, boji i te\u017eini. <\/p>\n<p>Vi\u0161e informacija: <a href=\"https:\/\/moirai.si\/hr\/macje-oko\/\" target=\"_blank\" rel=\"noopener noreferrer\">crveno Tigrovo oko<\/a><\/p>\n<p>MATERIJAL: crveno Tigrovo oko (Ma\u010dje oko)<br \/>\nDU\u017dINA: podesiva od 16-25 cm<br \/>\nTE\u017dINA: 6,2 g<br \/>\nVELI\u010cINA KAMENA: 6 mm<\/p>","protected":false},"excerpt":{"rendered":"<p>Unisex zapestnica kolekcije Macrame, ki je narejena iz Ma\u010djega O\u010desa. Zapestnica je prilagodljiva in enostavna za no\u0161enje. Ve\u010d informacij: Ma\u010dje Oko MATERIAL: Ma\u010dje Oko DOL\u017dINA: prilagodljiva od 16-25 cm TE\u017dA: 6.2 g VELIKOST KAMNOV: 6mm<\/p>","protected":false},"featured_media":17955,"template":"","meta":[],"product_brand":[],"product_cat":[820,187,86,212,29,821,822,823,1137],"product_tag":[463,220,462,458],"class_list":{"0":"post-6448","1":"product","2":"type-product","3":"status-publish","4":"has-post-thumbnail","6":"product_cat-do-18cm","7":"product_cat-kolekcije","8":"product_cat-macje-oko","9":"product_cat-macrame-2","10":"product_cat-nakup-po-kamnih","11":"product_cat-od-18-do-19cm","12":"product_cat-od-19-do-20cm","13":"product_cat-od-20cm","14":"product_cat-ogled-vseh-zapestnice-2","15":"product_tag-crna-bombazno-voscena-vrvica","16":"product_tag-macje-oko","17":"product_tag-macrame","18":"product_tag-zapestnica","20":"first","21":"instock","22":"sold-individually","23":"purchasable","24":"product-type-simple"},"_links":{"self":[{"href":"https:\/\/moirai.si\/hr\/wp-json\/wp\/v2\/product\/6448","targetHints":{"allow":["GET"]}}],"collection":[{"href":"https:\/\/moirai.si\/hr\/wp-json\/wp\/v2\/product"}],"about":[{"href":"https:\/\/moirai.si\/hr\/wp-json\/wp\/v2\/types\/product"}],"wp:featuredmedia":[{"embeddable":true,"href":"https:\/\/moirai.si\/hr\/wp-json\/wp\/v2\/media\/17955"}],"wp:attachment":[{"href":"https:\/\/moirai.si\/hr\/wp-json\/wp\/v2\/media?parent=6448"}],"wp:term":[{"taxonomy":"product_brand","embeddable":true,"href":"https:\/\/moirai.si\/hr\/wp-json\/wp\/v2\/product_brand?post=6448"},{"taxonomy":"product_cat","embeddable":true,"href":"https:\/\/moirai.si\/hr\/wp-json\/wp\/v2\/product_cat?post=6448"},{"taxonomy":"product_tag","embeddable":true,"href":"https:\/\/moirai.si\/hr\/wp-json\/wp\/v2\/product_tag?post=6448"}],"curies":[{"name":"wp","href":"https:\/\/api.w.org\/{rel}","templated":true}]}}