{"id":6451,"date":"2016-01-24T18:01:03","date_gmt":"2016-01-24T18:01:03","guid":{"rendered":"https:\/\/moirai.si\/?post_type=product&#038;p=6451"},"modified":"2025-01-13T15:36:33","modified_gmt":"2025-01-13T15:36:33","slug":"makrame-koralj","status":"publish","type":"product","link":"https:\/\/moirai.si\/hr\/izdelek\/macrame-korala\/","title":{"rendered":"Macrame Koralj"},"content":{"rendered":"<p>Unisex narukvica iz kolekcije Macrame, izra\u0111ena od koraljne gljive. Narukvica je fleksibilna i jednostavna za no\u0161enje.<\/p>\n<p>Vi\u0161e informacija: <a href=\"https:\/\/moirai.si\/hr\/koraljni\/\" target=\"_blank\" rel=\"noopener noreferrer\">Koralj<\/a><\/p>\n<p>MATERIJAL: Spu\u017evasti koralj<br \/>\nDU\u017dINA: podesiva od 16-25 cm<br \/>\nTE\u017dINA: 8,3 g<br \/>\nVELI\u010cINA KAMENA: 8mm<br \/>\nKOP\u010cA: podesiva<\/p>","protected":false},"excerpt":{"rendered":"<p>Unisex zapestnica kolekcije Macrame, ki je narejena iz Gobaste Korale. Zapestnica je prilagodljiva in enostavna za no\u0161enje. Ve\u010d informacij: Korala MATERIAL: Gobasta Korala DOL\u017dINA: prilagodljiva od 16-25 cm TE\u017dA: 8.3g VELIKOST KAMNOV: 8mm ZAPONKA: prilagodljiva<\/p>","protected":false},"featured_media":13783,"template":"","meta":[],"product_brand":[],"product_cat":[820,52,187,50,212,29,821,822,823,1137],"product_tag":[463,222,462,458],"class_list":{"0":"post-6451","1":"product","2":"type-product","3":"status-publish","4":"has-post-thumbnail","6":"product_cat-do-18cm","7":"product_cat-gobasta-korala","8":"product_cat-kolekcije","9":"product_cat-korala","10":"product_cat-macrame-2","11":"product_cat-nakup-po-kamnih","12":"product_cat-od-18-do-19cm","13":"product_cat-od-19-do-20cm","14":"product_cat-od-20cm","15":"product_cat-ogled-vseh-zapestnice-2","16":"product_tag-crna-bombazno-voscena-vrvica","17":"product_tag-gobasta-korala","18":"product_tag-macrame","19":"product_tag-zapestnica","21":"first","22":"instock","23":"sold-individually","24":"purchasable","25":"product-type-simple"},"_links":{"self":[{"href":"https:\/\/moirai.si\/hr\/wp-json\/wp\/v2\/product\/6451","targetHints":{"allow":["GET"]}}],"collection":[{"href":"https:\/\/moirai.si\/hr\/wp-json\/wp\/v2\/product"}],"about":[{"href":"https:\/\/moirai.si\/hr\/wp-json\/wp\/v2\/types\/product"}],"wp:featuredmedia":[{"embeddable":true,"href":"https:\/\/moirai.si\/hr\/wp-json\/wp\/v2\/media\/13783"}],"wp:attachment":[{"href":"https:\/\/moirai.si\/hr\/wp-json\/wp\/v2\/media?parent=6451"}],"wp:term":[{"taxonomy":"product_brand","embeddable":true,"href":"https:\/\/moirai.si\/hr\/wp-json\/wp\/v2\/product_brand?post=6451"},{"taxonomy":"product_cat","embeddable":true,"href":"https:\/\/moirai.si\/hr\/wp-json\/wp\/v2\/product_cat?post=6451"},{"taxonomy":"product_tag","embeddable":true,"href":"https:\/\/moirai.si\/hr\/wp-json\/wp\/v2\/product_tag?post=6451"}],"curies":[{"name":"wp","href":"https:\/\/api.w.org\/{rel}","templated":true}]}}