{"id":6769,"date":"2016-04-24T15:45:40","date_gmt":"2016-04-24T15:45:40","guid":{"rendered":"https:\/\/moirai.si\/?post_type=product&#038;p=6769"},"modified":"2026-03-26T12:37:22","modified_gmt":"2026-03-26T12:37:22","slug":"dalmatinski-jaspis-2","status":"publish","type":"product","link":"https:\/\/moirai.si\/hr\/izdelek\/jaspis-dalmatinski\/","title":{"rendered":"Dalmatiner jaspis"},"content":{"rendered":"<p>Prekrasan komad poliranog dalmatiner jaspisa, pogodan kao ljekoviti ru\u010dni kamen ili kao dar. Slika je simboli\u010dna. Mogu\u0107a su manja odstupanja u boji, te\u017eini i obliku.<\/p>\n<p>Vi\u0161e informacija: <a href=\"https:\/\/moirai.si\/hr\/jaspis\/\" target=\"_blank\" rel=\"noopener noreferrer\">Jaspis <\/a><\/p>\n<p>MATERIJAL: Dalmatiner jaspis<br \/>\nDIMENZIJE: 2-3 cm<br \/>\nTE\u017dA: 5-10g<\/p>","protected":false},"excerpt":{"rendered":"<p>\u010cudovit kos spoliranega Dalmatinskega Jaspisa, primeren kot zdravilni ro\u010dni kamen ali kot darilo. Slika je simboli\u010dna. Mo\u017ena so manj\u0161a odstopanja v barvi, te\u017ei in obliki. Ve\u010d informacij: Jaspis MATERIAL: Dalmatinski Jaspis DIMENZIJE: 2-3 cm TE\u017dA: 5-10g<\/p>","protected":false},"featured_media":19984,"template":"","meta":[],"product_brand":[],"product_cat":[47,29,753],"product_tag":[485,479,481],"class_list":{"0":"post-6769","1":"product","2":"type-product","3":"status-publish","4":"has-post-thumbnail","6":"product_cat-jaspis","7":"product_cat-nakup-po-kamnih","8":"product_cat-rocni-kamni","9":"product_tag-dalmatinski-jaspis","10":"product_tag-mineral","11":"product_tag-rocni-kamen","13":"first","14":"instock","15":"purchasable","16":"product-type-simple"},"_links":{"self":[{"href":"https:\/\/moirai.si\/hr\/wp-json\/wp\/v2\/product\/6769","targetHints":{"allow":["GET"]}}],"collection":[{"href":"https:\/\/moirai.si\/hr\/wp-json\/wp\/v2\/product"}],"about":[{"href":"https:\/\/moirai.si\/hr\/wp-json\/wp\/v2\/types\/product"}],"wp:featuredmedia":[{"embeddable":true,"href":"https:\/\/moirai.si\/hr\/wp-json\/wp\/v2\/media\/19984"}],"wp:attachment":[{"href":"https:\/\/moirai.si\/hr\/wp-json\/wp\/v2\/media?parent=6769"}],"wp:term":[{"taxonomy":"product_brand","embeddable":true,"href":"https:\/\/moirai.si\/hr\/wp-json\/wp\/v2\/product_brand?post=6769"},{"taxonomy":"product_cat","embeddable":true,"href":"https:\/\/moirai.si\/hr\/wp-json\/wp\/v2\/product_cat?post=6769"},{"taxonomy":"product_tag","embeddable":true,"href":"https:\/\/moirai.si\/hr\/wp-json\/wp\/v2\/product_tag?post=6769"}],"curies":[{"name":"wp","href":"https:\/\/api.w.org\/{rel}","templated":true}]}}