{"id":6772,"date":"2016-04-24T15:49:30","date_gmt":"2016-04-24T15:49:30","guid":{"rendered":"https:\/\/moirai.si\/?post_type=product&#038;p=6772"},"modified":"2026-03-26T12:46:11","modified_gmt":"2026-03-26T12:46:11","slug":"heliotrop-indija-l","status":"publish","type":"product","link":"https:\/\/moirai.si\/hr\/izdelek\/heliotrop-indija-l\/","title":{"rendered":"Heliotrop (Indija) L"},"content":{"rendered":"<p>Prekrasan komad poliranog heliotropa (Indija), pogodan kao ljekoviti kamen za ruke ili kao poklon. Slika je simboli\u010dna. Mogu\u0107a su manja odstupanja u boji, te\u017eini i obliku.<\/p>\n<p>Vi\u0161e informacija: <a href=\"https:\/\/moirai.si\/hr\/heliotrop\/\" target=\"_blank\" rel=\"noopener noreferrer\">Heliotrop<\/a><\/p>\n<p>MATERIJAL: Heliotrop<br \/>\nDIMENZIJE: 2-4 cm<br \/>\nTE\u017dINA: 15-25 g<\/p>","protected":false},"excerpt":{"rendered":"<p>\u010cudovit kos spoliranega Heliotropa (Indija), primeren kot zdravilni ro\u010dni kamen ali kot darilo. Slika je simboli\u010dna. Mo\u017ena so manj\u0161a odstopanja v barvi, te\u017ei in obliki. Ve\u010d informacij: Heliotrop MATERIAL: Heliotrop DIMENZIJE: 2-4 cm TE\u017dA: 15-25 g<\/p>","protected":false},"featured_media":19091,"template":"","meta":[],"product_brand":[],"product_cat":[518,29,753],"product_tag":[486,479,481],"class_list":{"0":"post-6772","1":"product","2":"type-product","3":"status-publish","4":"has-post-thumbnail","6":"product_cat-heliotrop","7":"product_cat-nakup-po-kamnih","8":"product_cat-rocni-kamni","9":"product_tag-heliotrop","10":"product_tag-mineral","11":"product_tag-rocni-kamen","13":"first","14":"instock","15":"purchasable","16":"product-type-simple"},"_links":{"self":[{"href":"https:\/\/moirai.si\/hr\/wp-json\/wp\/v2\/product\/6772","targetHints":{"allow":["GET"]}}],"collection":[{"href":"https:\/\/moirai.si\/hr\/wp-json\/wp\/v2\/product"}],"about":[{"href":"https:\/\/moirai.si\/hr\/wp-json\/wp\/v2\/types\/product"}],"wp:featuredmedia":[{"embeddable":true,"href":"https:\/\/moirai.si\/hr\/wp-json\/wp\/v2\/media\/19091"}],"wp:attachment":[{"href":"https:\/\/moirai.si\/hr\/wp-json\/wp\/v2\/media?parent=6772"}],"wp:term":[{"taxonomy":"product_brand","embeddable":true,"href":"https:\/\/moirai.si\/hr\/wp-json\/wp\/v2\/product_brand?post=6772"},{"taxonomy":"product_cat","embeddable":true,"href":"https:\/\/moirai.si\/hr\/wp-json\/wp\/v2\/product_cat?post=6772"},{"taxonomy":"product_tag","embeddable":true,"href":"https:\/\/moirai.si\/hr\/wp-json\/wp\/v2\/product_tag?post=6772"}],"curies":[{"name":"wp","href":"https:\/\/api.w.org\/{rel}","templated":true}]}}