{"id":6808,"date":"2016-04-25T09:44:30","date_gmt":"2016-04-25T09:44:30","guid":{"rendered":"https:\/\/moirai.si\/?post_type=product&#038;p=6808"},"modified":"2026-03-26T12:46:31","modified_gmt":"2026-03-26T12:46:31","slug":"tigrovo-oko-s","status":"publish","type":"product","link":"https:\/\/moirai.si\/hr\/izdelek\/tigrovo-oko-s\/","title":{"rendered":"Tigrovo oko S"},"content":{"rendered":"<p>Prekrasan komad poliranog tigrovog oka, pogodan kao iscjeliteljski kamen ili kao poklon. Slika je simboli\u010dna. Mogu\u0107e su manje varijacije u boji, te\u017eini i obliku.<\/p>\n<p>Vi\u0161e informacija: <a href=\"https:\/\/moirai.si\/hr\/tigrovo-oko\/\" target=\"_blank\" rel=\"noopener noreferrer\">Tigrovo Oko<\/a><\/p>\n<p>MATERIJAL: Tigrovo oko (Ju\u017ena Afrika)<br \/>\nDIMENZIJE: cca. 1,5-2,5 cm<br \/>\nTE\u017dINA: 10-15 g<\/p>","protected":false},"excerpt":{"rendered":"<p>\u010cudovit kos spoliranega Tigrovega O\u010desa, primeren kot zdravilni ro\u010dni kamen ali kot darilo. Slika je simboli\u010dna. Mo\u017ena so manj\u0161a odstopanja v barvi, te\u017ei in obliki. Ve\u010d informacij: Tigrovo Oko MATERIAL: Tigrovo Oko (Ju\u017ena Afrika) DIMENZIJE:\u00a0cca 1,5-2,5 cm TE\u017dA:\u00a010-15 g<\/p>","protected":false},"featured_media":22506,"template":"","meta":[],"product_brand":[],"product_cat":[29,753,81],"product_tag":[479,481,199],"class_list":{"0":"post-6808","1":"product","2":"type-product","3":"status-publish","4":"has-post-thumbnail","6":"product_cat-nakup-po-kamnih","7":"product_cat-rocni-kamni","8":"product_cat-tigrovo-oko","9":"product_tag-mineral","10":"product_tag-rocni-kamen","11":"product_tag-tigrovo-oko","13":"first","14":"instock","15":"purchasable","16":"product-type-simple"},"_links":{"self":[{"href":"https:\/\/moirai.si\/hr\/wp-json\/wp\/v2\/product\/6808","targetHints":{"allow":["GET"]}}],"collection":[{"href":"https:\/\/moirai.si\/hr\/wp-json\/wp\/v2\/product"}],"about":[{"href":"https:\/\/moirai.si\/hr\/wp-json\/wp\/v2\/types\/product"}],"wp:featuredmedia":[{"embeddable":true,"href":"https:\/\/moirai.si\/hr\/wp-json\/wp\/v2\/media\/22506"}],"wp:attachment":[{"href":"https:\/\/moirai.si\/hr\/wp-json\/wp\/v2\/media?parent=6808"}],"wp:term":[{"taxonomy":"product_brand","embeddable":true,"href":"https:\/\/moirai.si\/hr\/wp-json\/wp\/v2\/product_brand?post=6808"},{"taxonomy":"product_cat","embeddable":true,"href":"https:\/\/moirai.si\/hr\/wp-json\/wp\/v2\/product_cat?post=6808"},{"taxonomy":"product_tag","embeddable":true,"href":"https:\/\/moirai.si\/hr\/wp-json\/wp\/v2\/product_tag?post=6808"}],"curies":[{"name":"wp","href":"https:\/\/api.w.org\/{rel}","templated":true}]}}