{"id":6814,"date":"2016-04-25T09:51:13","date_gmt":"2016-04-25T09:51:13","guid":{"rendered":"https:\/\/moirai.si\/?post_type=product&#038;p=6814"},"modified":"2026-03-26T12:46:41","modified_gmt":"2026-03-26T12:46:41","slug":"rutil-s","status":"publish","type":"product","link":"https:\/\/moirai.si\/hr\/izdelek\/rutil-s\/","title":{"rendered":"Rutil S"},"content":{"rendered":"<p>\u010cudovit kos spoliranega Rutila, primeren kot zdravilni ro\u010dni kamen ali kot darilo. Slika je simboli\u010dna. Mo\u017ena so manj\u0161a odstopanja v barvi, te\u017ei in obliki.<\/p>\n<p>Vi\u0161e informacija: <a href=\"https:\/\/moirai.si\/hr\/rutil\/\" target=\"_blank\" rel=\"noopener noreferrer\">Rutil<\/a><\/p>\n<p>MATERIAL:\u00a0Rutil (Brazilija)<br \/>\nDIMENZIJE:\u00a0cca 1-1,5 cm<br \/>\nTE\u017dA:\u00a05-10 g<\/p>","protected":false},"excerpt":{"rendered":"<p>\u010cudovit kos spoliranega Rutila, primeren kot zdravilni ro\u010dni kamen ali kot darilo. Slika je simboli\u010dna. Mo\u017ena so manj\u0161a odstopanja v barvi, te\u017ei in obliki. Ve\u010d informacij: Rutil MATERIAL:\u00a0Rutil (Brazilija) DIMENZIJE:\u00a0cca 1-1,5 cm TE\u017dA:\u00a05-10 g<\/p>","protected":false},"featured_media":22477,"template":"","meta":[],"product_brand":[],"product_cat":[29,753,72],"product_tag":[479,481,314],"class_list":{"0":"post-6814","1":"product","2":"type-product","3":"status-publish","4":"has-post-thumbnail","6":"product_cat-nakup-po-kamnih","7":"product_cat-rocni-kamni","8":"product_cat-rutil","9":"product_tag-mineral","10":"product_tag-rocni-kamen","11":"product_tag-rutil","13":"first","14":"instock","15":"purchasable","16":"product-type-simple"},"_links":{"self":[{"href":"https:\/\/moirai.si\/hr\/wp-json\/wp\/v2\/product\/6814","targetHints":{"allow":["GET"]}}],"collection":[{"href":"https:\/\/moirai.si\/hr\/wp-json\/wp\/v2\/product"}],"about":[{"href":"https:\/\/moirai.si\/hr\/wp-json\/wp\/v2\/types\/product"}],"wp:featuredmedia":[{"embeddable":true,"href":"https:\/\/moirai.si\/hr\/wp-json\/wp\/v2\/media\/22477"}],"wp:attachment":[{"href":"https:\/\/moirai.si\/hr\/wp-json\/wp\/v2\/media?parent=6814"}],"wp:term":[{"taxonomy":"product_brand","embeddable":true,"href":"https:\/\/moirai.si\/hr\/wp-json\/wp\/v2\/product_brand?post=6814"},{"taxonomy":"product_cat","embeddable":true,"href":"https:\/\/moirai.si\/hr\/wp-json\/wp\/v2\/product_cat?post=6814"},{"taxonomy":"product_tag","embeddable":true,"href":"https:\/\/moirai.si\/hr\/wp-json\/wp\/v2\/product_tag?post=6814"}],"curies":[{"name":"wp","href":"https:\/\/api.w.org\/{rel}","templated":true}]}}