{"id":6849,"date":"2016-04-25T10:46:12","date_gmt":"2016-04-25T10:46:12","guid":{"rendered":"https:\/\/moirai.si\/?post_type=product&#038;p=6849"},"modified":"2026-03-26T12:37:44","modified_gmt":"2026-03-26T12:37:44","slug":"provincijski-jasper-s","status":"publish","type":"product","link":"https:\/\/moirai.si\/hr\/izdelek\/jaspis-pokrajinski-s\/","title":{"rendered":"Jaspis Zemljani S"},"content":{"rendered":"<p>Prekrasan komad poliranog zemljanog Jaspisa, prikladan kao kamen za iscjeljivanje ili kao poklon za va\u0161e najmilije. Slika je simboli\u010dna. Mogu\u0107a su manja odstupanja u boji i te\u017eini.<\/p>\n<p>Vi\u0161e informacija: <a href=\"https:\/\/moirai.si\/hr\/jaspis\/\" target=\"_blank\" rel=\"noopener noreferrer\">Jaspis <\/a><\/p>\n<p>MATERIAL: Zemljani Jaspis (Namibija)<br \/>\nDIMENZIJE: cca 1-1,5 cm<br \/>\nTE\u017dINA: 5-10 g<\/p>","protected":false},"excerpt":{"rendered":"<p>\u010cudovit kos spoliranega Pokrajinskega Jaspisa, primeren kot zdravilni ro\u010dni kamen ali kot darilo. Slika je simboli\u010dna. Mo\u017ena so manj\u0161a odstopanja v barvi, te\u017ei in obliki. Ve\u010d informacij: Jaspis MATERIAL: Pokrajinski Jaspis (Namibija) DIMENZIJE: cca 1-1,5 cm TE\u017dA: 5-10 g<\/p>","protected":false},"featured_media":22377,"template":"","meta":[],"product_brand":[],"product_cat":[47,29,753],"product_tag":[479,516,481],"class_list":{"0":"post-6849","1":"product","2":"type-product","3":"status-publish","4":"has-post-thumbnail","6":"product_cat-jaspis","7":"product_cat-nakup-po-kamnih","8":"product_cat-rocni-kamni","9":"product_tag-mineral","10":"product_tag-pokrajinski-jaspis","11":"product_tag-rocni-kamen","13":"first","14":"instock","15":"purchasable","16":"product-type-simple"},"_links":{"self":[{"href":"https:\/\/moirai.si\/hr\/wp-json\/wp\/v2\/product\/6849","targetHints":{"allow":["GET"]}}],"collection":[{"href":"https:\/\/moirai.si\/hr\/wp-json\/wp\/v2\/product"}],"about":[{"href":"https:\/\/moirai.si\/hr\/wp-json\/wp\/v2\/types\/product"}],"wp:featuredmedia":[{"embeddable":true,"href":"https:\/\/moirai.si\/hr\/wp-json\/wp\/v2\/media\/22377"}],"wp:attachment":[{"href":"https:\/\/moirai.si\/hr\/wp-json\/wp\/v2\/media?parent=6849"}],"wp:term":[{"taxonomy":"product_brand","embeddable":true,"href":"https:\/\/moirai.si\/hr\/wp-json\/wp\/v2\/product_brand?post=6849"},{"taxonomy":"product_cat","embeddable":true,"href":"https:\/\/moirai.si\/hr\/wp-json\/wp\/v2\/product_cat?post=6849"},{"taxonomy":"product_tag","embeddable":true,"href":"https:\/\/moirai.si\/hr\/wp-json\/wp\/v2\/product_tag?post=6849"}],"curies":[{"name":"wp","href":"https:\/\/api.w.org\/{rel}","templated":true}]}}