{"id":692,"date":"2015-07-17T18:22:54","date_gmt":"2015-07-17T18:22:54","guid":{"rendered":"http:\/\/moirai.si\/?post_type=product&#038;p=692"},"modified":"2025-01-13T15:40:28","modified_gmt":"2025-01-13T15:40:28","slug":"klasicni-koraljni-bambus-2","status":"publish","type":"product","link":"https:\/\/moirai.si\/hr\/izdelek\/clasic-korala-bambus-2\/","title":{"rendered":"Clasic Koralj Bambus"},"content":{"rendered":"<p>Narukvica Bambus Koralj i srebro 925. <\/p>\n<p>Vi\u0161e informacija: <a href=\"https:\/\/moirai.si\/hr\/koraljni\/\" target=\"_blank\" rel=\"noopener noreferrer\">Koralj<\/a><\/p>\n<p>MATERIJAL: crveni bambus koralj, fasetirani bambus koralj, srebro 925<br \/>\nDU\u017dINA: podesiva 18-21,5 cm<br \/>\nTE\u017dINA: 14,2g<br \/>\nVELI\u010cINA KAMENA: 2-10mm<br \/>\nKop\u010da: 10 mm<\/p>","protected":false},"excerpt":{"rendered":"<p>Elegantna zapestnica kolekcije Clasic, ki je narejena iz Bambus Korale, nizana na mehko, vendar mo\u010dno jekleno \u017eico in zaklju\u010dena s srebrnimi elementi. Ve\u010d informacij: Korala MATERIAL: rde\u010da Bambus Korala, fasetirana Bambus Korala, srebro 925 DOL\u017dINA: prilagodljiva 18-21,5 cm TE\u017dA: 14,2g VELIKOST KAMNOV: 2-10mm ZAPONKA: 10mm<\/p>","protected":false},"featured_media":24105,"template":"","meta":[],"product_brand":[],"product_cat":[53,208,820,821,1137],"product_tag":[224,221],"class_list":{"0":"post-692","1":"product","2":"type-product","3":"status-publish","4":"has-post-thumbnail","6":"product_cat-bambus-korala","7":"product_cat-clasic","8":"product_cat-do-18cm","9":"product_cat-od-18-do-19cm","10":"product_cat-ogled-vseh-zapestnice-2","11":"product_tag-bambus-korala","12":"product_tag-srebro925","14":"first","15":"instock","16":"sold-individually","17":"purchasable","18":"product-type-simple"},"_links":{"self":[{"href":"https:\/\/moirai.si\/hr\/wp-json\/wp\/v2\/product\/692","targetHints":{"allow":["GET"]}}],"collection":[{"href":"https:\/\/moirai.si\/hr\/wp-json\/wp\/v2\/product"}],"about":[{"href":"https:\/\/moirai.si\/hr\/wp-json\/wp\/v2\/types\/product"}],"wp:featuredmedia":[{"embeddable":true,"href":"https:\/\/moirai.si\/hr\/wp-json\/wp\/v2\/media\/24105"}],"wp:attachment":[{"href":"https:\/\/moirai.si\/hr\/wp-json\/wp\/v2\/media?parent=692"}],"wp:term":[{"taxonomy":"product_brand","embeddable":true,"href":"https:\/\/moirai.si\/hr\/wp-json\/wp\/v2\/product_brand?post=692"},{"taxonomy":"product_cat","embeddable":true,"href":"https:\/\/moirai.si\/hr\/wp-json\/wp\/v2\/product_cat?post=692"},{"taxonomy":"product_tag","embeddable":true,"href":"https:\/\/moirai.si\/hr\/wp-json\/wp\/v2\/product_tag?post=692"}],"curies":[{"name":"wp","href":"https:\/\/api.w.org\/{rel}","templated":true}]}}