{"id":7088,"date":"2016-07-15T17:17:10","date_gmt":"2016-07-15T17:17:10","guid":{"rendered":"https:\/\/moirai.si\/?post_type=product&#038;p=7088"},"modified":"2025-07-06T15:25:50","modified_gmt":"2025-07-06T15:25:50","slug":"macrame-jaspis-dalmatinski-3","status":"publish","type":"product","link":"https:\/\/moirai.si\/hr\/izdelek\/macrame-jaspis-dalmatinski-3\/","title":{"rendered":"Macrame Dalmatiner jaspis"},"content":{"rendered":"<p>Unisex narukvica Macrame kolekcije koja je izra\u0111ena od Dalmatiner Jaspisa. Narukvica je fleksibilna i laka za no\u0161enje. Slika je simboli\u010dna, mogu\u0107a manja odstupanja u boji i te\u017eini.<\/p>\n<p>Vi\u0161e informacija: <a href=\"https:\/\/moirai.si\/hr\/jaspis\/\" target=\"_blank\" rel=\"noopener noreferrer\">Jaspis<\/a><\/p>\n<p>MATERIJAL: mat dalmatiner jaspis<br \/>\nDU\u017dINA: podesiva od 16-25 cm<br \/>\nTE\u017dA: 12.7g<br \/>\nVELIKOST KAMNOV:\u00a0 6-8mm<\/p>","protected":false},"excerpt":{"rendered":"<p>Unisex zapestnica kolekcije Macrame, ki je narejena iz Dalmatinskega Jaspisa. Zapestnica je prilagodljiva in enostavna za no\u0161enje. Slika je simboli\u010dna. Mo\u017ena so manj\u0161a odstopanja v barvi in te\u017ei. Ve\u010d informacij: Jaspis MATERIAL:\u00a0 mat Dalmatinski Jaspis DOL\u017dINA: prilagodljiva od 16-25 cm TE\u017dA: 12.7g VELIKOST KAMNOV:\u00a0 6-8mm<\/p>","protected":false},"featured_media":26079,"template":"","meta":[],"product_brand":[],"product_cat":[820,47,212,821,822,823,1137],"product_tag":[463,485,458],"class_list":{"0":"post-7088","1":"product","2":"type-product","3":"status-publish","4":"has-post-thumbnail","6":"product_cat-do-18cm","7":"product_cat-jaspis","8":"product_cat-macrame-2","9":"product_cat-od-18-do-19cm","10":"product_cat-od-19-do-20cm","11":"product_cat-od-20cm","12":"product_cat-ogled-vseh-zapestnice-2","13":"product_tag-crna-bombazno-voscena-vrvica","14":"product_tag-dalmatinski-jaspis","15":"product_tag-zapestnica","17":"first","18":"instock","19":"sold-individually","20":"purchasable","21":"product-type-simple"},"_links":{"self":[{"href":"https:\/\/moirai.si\/hr\/wp-json\/wp\/v2\/product\/7088","targetHints":{"allow":["GET"]}}],"collection":[{"href":"https:\/\/moirai.si\/hr\/wp-json\/wp\/v2\/product"}],"about":[{"href":"https:\/\/moirai.si\/hr\/wp-json\/wp\/v2\/types\/product"}],"wp:featuredmedia":[{"embeddable":true,"href":"https:\/\/moirai.si\/hr\/wp-json\/wp\/v2\/media\/26079"}],"wp:attachment":[{"href":"https:\/\/moirai.si\/hr\/wp-json\/wp\/v2\/media?parent=7088"}],"wp:term":[{"taxonomy":"product_brand","embeddable":true,"href":"https:\/\/moirai.si\/hr\/wp-json\/wp\/v2\/product_brand?post=7088"},{"taxonomy":"product_cat","embeddable":true,"href":"https:\/\/moirai.si\/hr\/wp-json\/wp\/v2\/product_cat?post=7088"},{"taxonomy":"product_tag","embeddable":true,"href":"https:\/\/moirai.si\/hr\/wp-json\/wp\/v2\/product_tag?post=7088"}],"curies":[{"name":"wp","href":"https:\/\/api.w.org\/{rel}","templated":true}]}}