{"id":7359,"date":"2016-11-07T17:18:42","date_gmt":"2016-11-07T17:18:42","guid":{"rendered":"https:\/\/moirai.si\/?post_type=product&#038;p=7359"},"modified":"2026-02-19T08:29:38","modified_gmt":"2026-02-19T08:29:38","slug":"kamena-munja-klatna-2","status":"publish","type":"product","link":"https:\/\/moirai.si\/hr\/izdelek\/nihalo-kamena-strela-2\/","title":{"rendered":"Visak Gorski kristal"},"content":{"rendered":"<p>Visak Gorski Kristal. Slika je simboli\u010dna. Mogu\u0107a su manja odstupanja u boji, te\u017eini i obliku.<\/p>\n<p>Vi\u0161e informacija: <a href=\"https:\/\/moirai.si\/hr\/njihalo\/\" target=\"_blank\" rel=\"noopener noreferrer\">Visak<\/a>, <a href=\"https:\/\/moirai.si\/hr\/gorski-kristal\/\" target=\"_blank\" rel=\"noopener noreferrer\">Gorski Kristal<\/a><\/p>\n<p>MATERIJAL: Gorski Kristal<br \/>\nTE\u017dINA: 5-10 g<br \/>\nVELI\u010cINA KAMENA: 3-6 cm<\/p>","protected":false},"excerpt":{"rendered":"<p>Nihalo iz Kamene Strele na posrebreni veri\u017eici, zaklju\u010deno z bunkico iz kamna za preprosto uporabo. Slika je simboli\u010dna. Mo\u017ena so manj\u0161a odstopanja v barvi, te\u017ei in obliki. Ve\u010d informacij: Nihalo, Kamena Strela MATERIAL:\u00a0Kamena Strela TE\u017dA: 5-10 g VELIKOST KAMNOV: 3-6 cm<\/p>","protected":false},"featured_media":25800,"template":"","meta":[],"product_brand":[],"product_cat":[68,848,754],"product_tag":[203,368],"class_list":{"0":"post-7359","1":"product","2":"type-product","3":"status-publish","4":"has-post-thumbnail","6":"product_cat-kamena-strela","7":"product_cat-kvarc","8":"product_cat-nihala","9":"product_tag-kamena-strela","10":"product_tag-nihalo","12":"first","13":"outofstock","14":"purchasable","15":"product-type-simple"},"_links":{"self":[{"href":"https:\/\/moirai.si\/hr\/wp-json\/wp\/v2\/product\/7359","targetHints":{"allow":["GET"]}}],"collection":[{"href":"https:\/\/moirai.si\/hr\/wp-json\/wp\/v2\/product"}],"about":[{"href":"https:\/\/moirai.si\/hr\/wp-json\/wp\/v2\/types\/product"}],"wp:featuredmedia":[{"embeddable":true,"href":"https:\/\/moirai.si\/hr\/wp-json\/wp\/v2\/media\/25800"}],"wp:attachment":[{"href":"https:\/\/moirai.si\/hr\/wp-json\/wp\/v2\/media?parent=7359"}],"wp:term":[{"taxonomy":"product_brand","embeddable":true,"href":"https:\/\/moirai.si\/hr\/wp-json\/wp\/v2\/product_brand?post=7359"},{"taxonomy":"product_cat","embeddable":true,"href":"https:\/\/moirai.si\/hr\/wp-json\/wp\/v2\/product_cat?post=7359"},{"taxonomy":"product_tag","embeddable":true,"href":"https:\/\/moirai.si\/hr\/wp-json\/wp\/v2\/product_tag?post=7359"}],"curies":[{"name":"wp","href":"https:\/\/api.w.org\/{rel}","templated":true}]}}