{"id":7983,"date":"2017-01-28T16:49:28","date_gmt":"2017-01-28T16:49:28","guid":{"rendered":"https:\/\/moirai.si\/?post_type=product&#038;p=7983\/"},"modified":"2025-12-17T08:53:46","modified_gmt":"2025-12-17T08:53:46","slug":"clasic-akvamarin","status":"publish","type":"product","link":"https:\/\/moirai.si\/hr\/izdelek\/clasic-akvamarin\/","title":{"rendered":"Clasic Akvamarin"},"content":{"rendered":"<p>Elegantni uhani kolekcije Clasic, ki so narejeni iz Akvamarina in rodiniranega srebra 925.<\/p>\n<p>Vi\u0161e informacija: <a href=\"https:\/\/moirai.si\/hr\/akvamarin\/\" target=\"_blank\" rel=\"noopener noreferrer\">Akvamarin<\/a><\/p>\n<p>MATERIJAL: Akvamarin, srebro 925 s rodijem<br \/>\nTE\u017dINA: 4,5 g<br \/>\nVELI\u010cINA KAMENA: 8 mm<br \/>\nDU\u017dINA NAU\u0160NICE: 3,4 cm<\/p>","protected":false},"excerpt":{"rendered":"<p>Elegantni uhani kolekcije Clasic, ki so narejeni iz Akvamarina in rodiniranega srebra 925. Ve\u010d informacij: Akvamarin MATERIAL: Akvamarin, rodinirano srebro 925 TE\u017dA: 4.5 g VELIKOST KAMNOV: 8 mm DOL\u017dINA UHANA: 3.4 cm<\/p>","protected":false},"featured_media":26972,"template":"","meta":[],"product_brand":[],"product_cat":[34,208,1138,27,1141],"product_tag":[311,637],"class_list":{"0":"post-7983","1":"product","2":"type-product","3":"status-publish","4":"has-post-thumbnail","6":"product_cat-akvamarin","7":"product_cat-clasic","8":"product_cat-ogled-vseh-uhani","9":"product_cat-uhani","10":"product_cat-uhani-clasic","11":"product_tag-akvamarin","12":"product_tag-rodinirano-srebro-925","14":"first","15":"instock","16":"purchasable","17":"product-type-simple"},"_links":{"self":[{"href":"https:\/\/moirai.si\/hr\/wp-json\/wp\/v2\/product\/7983","targetHints":{"allow":["GET"]}}],"collection":[{"href":"https:\/\/moirai.si\/hr\/wp-json\/wp\/v2\/product"}],"about":[{"href":"https:\/\/moirai.si\/hr\/wp-json\/wp\/v2\/types\/product"}],"wp:featuredmedia":[{"embeddable":true,"href":"https:\/\/moirai.si\/hr\/wp-json\/wp\/v2\/media\/26972"}],"wp:attachment":[{"href":"https:\/\/moirai.si\/hr\/wp-json\/wp\/v2\/media?parent=7983"}],"wp:term":[{"taxonomy":"product_brand","embeddable":true,"href":"https:\/\/moirai.si\/hr\/wp-json\/wp\/v2\/product_brand?post=7983"},{"taxonomy":"product_cat","embeddable":true,"href":"https:\/\/moirai.si\/hr\/wp-json\/wp\/v2\/product_cat?post=7983"},{"taxonomy":"product_tag","embeddable":true,"href":"https:\/\/moirai.si\/hr\/wp-json\/wp\/v2\/product_tag?post=7983"}],"curies":[{"name":"wp","href":"https:\/\/api.w.org\/{rel}","templated":true}]}}