{"id":8010,"date":"2017-01-28T17:25:35","date_gmt":"2017-01-28T17:25:35","guid":{"rendered":"https:\/\/moirai.si\/?post_type=product&#038;p=8010\/"},"modified":"2025-11-06T12:45:08","modified_gmt":"2025-11-06T12:45:08","slug":"klasicni-karneol-4","status":"publish","type":"product","link":"https:\/\/moirai.si\/hr\/izdelek\/clasic-karneol-4\/","title":{"rendered":"Clasic Karneol"},"content":{"rendered":"<p>Elegantne nau\u0161nice iz kolekcije Clasic, izra\u0111ene od karneola i rodiranog srebra 925.<\/p>\n<p>Vi\u0161e informacija: <a href=\"https:\/\/moirai.si\/hr\/karneol\/\" target=\"_blank\" rel=\"noopener noreferrer\">Karneol<\/a><\/p>\n<p>MATERIJAL: Karneol, srebro 925 s rodijem<br \/>\nTE\u017dINA: 4,2 g<br \/>\nVELI\u010cINA KAMENI\u0106A: 10 mm<br \/>\nDU\u017dINA NAU\u0160NICE: 3,5 cm<\/p>","protected":false},"excerpt":{"rendered":"<p>Elegantni uhani kolekcije Clasic, ki so narejeni iz Karneola in rodiniranega srebra 925. Ve\u010d informacij: Karneol MATERIAL: Karneol, rodinirano srebro 925 TE\u017dA: 4,2g VELIKOST KAMNOV: 10mm DOL\u017dINA UHANA: 3,5 cm<\/p>","protected":false},"featured_media":24057,"template":"","meta":[],"product_brand":[],"product_cat":[208,48,1138,27,1141],"product_tag":[198,637],"class_list":{"0":"post-8010","1":"product","2":"type-product","3":"status-publish","4":"has-post-thumbnail","6":"product_cat-clasic","7":"product_cat-karneol","8":"product_cat-ogled-vseh-uhani","9":"product_cat-uhani","10":"product_cat-uhani-clasic","11":"product_tag-karneol","12":"product_tag-rodinirano-srebro-925","14":"first","15":"instock","16":"purchasable","17":"product-type-simple"},"_links":{"self":[{"href":"https:\/\/moirai.si\/hr\/wp-json\/wp\/v2\/product\/8010","targetHints":{"allow":["GET"]}}],"collection":[{"href":"https:\/\/moirai.si\/hr\/wp-json\/wp\/v2\/product"}],"about":[{"href":"https:\/\/moirai.si\/hr\/wp-json\/wp\/v2\/types\/product"}],"wp:featuredmedia":[{"embeddable":true,"href":"https:\/\/moirai.si\/hr\/wp-json\/wp\/v2\/media\/24057"}],"wp:attachment":[{"href":"https:\/\/moirai.si\/hr\/wp-json\/wp\/v2\/media?parent=8010"}],"wp:term":[{"taxonomy":"product_brand","embeddable":true,"href":"https:\/\/moirai.si\/hr\/wp-json\/wp\/v2\/product_brand?post=8010"},{"taxonomy":"product_cat","embeddable":true,"href":"https:\/\/moirai.si\/hr\/wp-json\/wp\/v2\/product_cat?post=8010"},{"taxonomy":"product_tag","embeddable":true,"href":"https:\/\/moirai.si\/hr\/wp-json\/wp\/v2\/product_tag?post=8010"}],"curies":[{"name":"wp","href":"https:\/\/api.w.org\/{rel}","templated":true}]}}