{"id":8013,"date":"2017-01-28T17:28:36","date_gmt":"2017-01-28T17:28:36","guid":{"rendered":"https:\/\/moirai.si\/?post_type=product&#038;p=8013\/"},"modified":"2025-03-29T19:54:40","modified_gmt":"2025-03-29T19:54:40","slug":"clasic-tigrovo-oko-5","status":"publish","type":"product","link":"https:\/\/moirai.si\/hr\/izdelek\/clasic-tigrovo-oko-5\/","title":{"rendered":"Clasic Tigrovo Oko"},"content":{"rendered":"<p>Elegantne nau\u0161nice iz Clasic kolekcije koje su izra\u0111ene od Tigrovega oka i rodiniranog srebra fino\u0107e 925. Slika je simboli\u010dna. Mogu\u0107a su mala odstupanja u boji.<\/p>\n<p>Vi\u0161e informacija: <a href=\"https:\/\/moirai.si\/hr\/tigrovo-oko\/\" target=\"_blank\" rel=\"noopener noreferrer\">Tigrovo Oko<\/a><\/p>\n<p>MATERIJAL: Tigrovo oko, rodirano srebro 925<br \/>\nTE\u017dA: 7,6g<br \/>\nVELIKOST KAMNOV: 20mm<br \/>\nDOL\u017dINA UHANA: 4,6cm<\/p>","protected":false},"excerpt":{"rendered":"<p>Elegantni uhani kolekcije Clasic, ki so narejeni iz Tigrovega O\u010desa in rodiniranega srebra 925. Slika je simboli\u010dna. Mo\u017ena so manj\u0161a odstopanja v barvi. Ve\u010d informacij: Tigrovo Oko MATERIAL: Tigrovo Oko, rodinirano Srebro 925 TE\u017dA: 7,6g VELIKOST KAMNOV: 20mm DOL\u017dINA UHANA: 4,6cm<\/p>","protected":false},"featured_media":24066,"template":"","meta":[],"product_brand":[],"product_cat":[208,1138,81,27,1141],"product_tag":[637,199],"class_list":{"0":"post-8013","1":"product","2":"type-product","3":"status-publish","4":"has-post-thumbnail","6":"product_cat-clasic","7":"product_cat-ogled-vseh-uhani","8":"product_cat-tigrovo-oko","9":"product_cat-uhani","10":"product_cat-uhani-clasic","11":"product_tag-rodinirano-srebro-925","12":"product_tag-tigrovo-oko","14":"first","15":"instock","16":"purchasable","17":"product-type-simple"},"_links":{"self":[{"href":"https:\/\/moirai.si\/hr\/wp-json\/wp\/v2\/product\/8013","targetHints":{"allow":["GET"]}}],"collection":[{"href":"https:\/\/moirai.si\/hr\/wp-json\/wp\/v2\/product"}],"about":[{"href":"https:\/\/moirai.si\/hr\/wp-json\/wp\/v2\/types\/product"}],"wp:featuredmedia":[{"embeddable":true,"href":"https:\/\/moirai.si\/hr\/wp-json\/wp\/v2\/media\/24066"}],"wp:attachment":[{"href":"https:\/\/moirai.si\/hr\/wp-json\/wp\/v2\/media?parent=8013"}],"wp:term":[{"taxonomy":"product_brand","embeddable":true,"href":"https:\/\/moirai.si\/hr\/wp-json\/wp\/v2\/product_brand?post=8013"},{"taxonomy":"product_cat","embeddable":true,"href":"https:\/\/moirai.si\/hr\/wp-json\/wp\/v2\/product_cat?post=8013"},{"taxonomy":"product_tag","embeddable":true,"href":"https:\/\/moirai.si\/hr\/wp-json\/wp\/v2\/product_tag?post=8013"}],"curies":[{"name":"wp","href":"https:\/\/api.w.org\/{rel}","templated":true}]}}