{"id":8095,"date":"2017-01-29T16:36:55","date_gmt":"2017-01-29T16:36:55","guid":{"rendered":"https:\/\/moirai.si\/?post_type=product&#038;p=8095\/"},"modified":"2026-03-26T13:17:02","modified_gmt":"2026-03-26T13:17:02","slug":"klasicni-ametist-4","status":"publish","type":"product","link":"https:\/\/moirai.si\/hr\/izdelek\/clasic-ametist-4\/","title":{"rendered":"Clasic Ametist"},"content":{"rendered":"<p>Elegantna narukvica iz kolekcije Clasic, izra\u0111ena od ametista i elemenata srebra 925, nanizana na meku, ali \u010dvrstu \u010deli\u010dnu \u017eicu i zavr\u0161ena srebrnim elementima presvu\u010denim rodijem. <\/p>\n<p>Vi\u0161e informacija: <a href=\"https:\/\/moirai.si\/hr\/ametist\/\" target=\"_blank\" rel=\"noopener noreferrer\">Ametist<\/a><\/p>\n<p>MATERIJAL: Ametist Chevron, rodirano srebro 925<br \/>\nDU\u017dINA: podesiva 17,5-20 cm<br \/>\nTE\u017dINA: 15,7 g<br \/>\nVELI\u010cINA KAMENA: 6-8 mm<br \/>\nKop\u010da: 9 mm<\/p>","protected":false},"excerpt":{"rendered":"<p>Elegantna zapestnica kolekcije Clasic, ki je narejena iz Ametista ter srebrnih 925 elementov, nizana na mehko, vendar mo\u010dno jekleno \u017eico in zaklju\u010dena z rodiniranimi srebrnimi elementi. Ve\u010d informacij: Ametist MATERIAL: Ametist Chevron, rodinirano Srebro 925 DOL\u017dINA: prilagodljiva 17.5-20 cm TE\u017dA: 15.7 g VELIKOST KAMNOV: 6-8 mm ZAPONKA: 9mm<\/p>","protected":false},"featured_media":23664,"template":"","meta":[],"product_brand":[],"product_cat":[33,208,820,848,821,822,823,1137],"product_tag":[700,637],"class_list":{"0":"post-8095","1":"product","2":"type-product","3":"status-publish","4":"has-post-thumbnail","6":"product_cat-ametist","7":"product_cat-clasic","8":"product_cat-do-18cm","9":"product_cat-kvarc","10":"product_cat-od-18-do-19cm","11":"product_cat-od-19-do-20cm","12":"product_cat-od-20cm","13":"product_cat-ogled-vseh-zapestnice-2","14":"product_tag-ametist-chevron","15":"product_tag-rodinirano-srebro-925","17":"first","18":"instock","19":"purchasable","20":"product-type-simple"},"_links":{"self":[{"href":"https:\/\/moirai.si\/hr\/wp-json\/wp\/v2\/product\/8095","targetHints":{"allow":["GET"]}}],"collection":[{"href":"https:\/\/moirai.si\/hr\/wp-json\/wp\/v2\/product"}],"about":[{"href":"https:\/\/moirai.si\/hr\/wp-json\/wp\/v2\/types\/product"}],"wp:featuredmedia":[{"embeddable":true,"href":"https:\/\/moirai.si\/hr\/wp-json\/wp\/v2\/media\/23664"}],"wp:attachment":[{"href":"https:\/\/moirai.si\/hr\/wp-json\/wp\/v2\/media?parent=8095"}],"wp:term":[{"taxonomy":"product_brand","embeddable":true,"href":"https:\/\/moirai.si\/hr\/wp-json\/wp\/v2\/product_brand?post=8095"},{"taxonomy":"product_cat","embeddable":true,"href":"https:\/\/moirai.si\/hr\/wp-json\/wp\/v2\/product_cat?post=8095"},{"taxonomy":"product_tag","embeddable":true,"href":"https:\/\/moirai.si\/hr\/wp-json\/wp\/v2\/product_tag?post=8095"}],"curies":[{"name":"wp","href":"https:\/\/api.w.org\/{rel}","templated":true}]}}