{"id":8107,"date":"2017-01-29T16:58:07","date_gmt":"2017-01-29T16:58:07","guid":{"rendered":"https:\/\/moirai.si\/?post_type=product&#038;p=8107\/"},"modified":"2025-11-06T12:45:47","modified_gmt":"2025-11-06T12:45:47","slug":"clasic-karneol-2","status":"publish","type":"product","link":"https:\/\/moirai.si\/hr\/izdelek\/clasic-karneol-2\/","title":{"rendered":"Clasic Karneol"},"content":{"rendered":"<p>Narukvica Karneol i rodinirano srebro 925. <\/p>\n<p>MATERIJAL: Karneol, rodirano srebro 925<br \/>\nDU\u017dINA: podesiva 17,5-20 cm<br \/>\nTE\u017dINA: 13,9 g<br \/>\nVELI\u010cINA KAMENA: 6-8 mm<br \/>\nKop\u010da: 9 mm<\/p>","protected":false},"excerpt":{"rendered":"<p>Elegantna zapestnica kolekcije Clasic, ki je narejena iz Karneola ter rodiniranih srebrnih 925 elementov, nizana na mehko, vendar mo\u010dno jekleno \u017eico in zaklju\u010dena s srebrnimi elementi. MATERIAL: Karneol, rodinirano Srebro 925 DOL\u017dINA: prilagodljiva 17.5-20 cm TE\u017dA: 13.9 g VELIKOST KAMNOV: 6-8 mm ZAPONKA: 9mm<\/p>","protected":false},"featured_media":24103,"template":"","meta":[],"product_brand":[],"product_cat":[208,820,48,821,822,1137],"product_tag":[198,637],"class_list":{"0":"post-8107","1":"product","2":"type-product","3":"status-publish","4":"has-post-thumbnail","6":"product_cat-clasic","7":"product_cat-do-18cm","8":"product_cat-karneol","9":"product_cat-od-18-do-19cm","10":"product_cat-od-19-do-20cm","11":"product_cat-ogled-vseh-zapestnice-2","12":"product_tag-karneol","13":"product_tag-rodinirano-srebro-925","15":"first","16":"instock","17":"purchasable","18":"product-type-simple"},"_links":{"self":[{"href":"https:\/\/moirai.si\/hr\/wp-json\/wp\/v2\/product\/8107","targetHints":{"allow":["GET"]}}],"collection":[{"href":"https:\/\/moirai.si\/hr\/wp-json\/wp\/v2\/product"}],"about":[{"href":"https:\/\/moirai.si\/hr\/wp-json\/wp\/v2\/types\/product"}],"wp:featuredmedia":[{"embeddable":true,"href":"https:\/\/moirai.si\/hr\/wp-json\/wp\/v2\/media\/24103"}],"wp:attachment":[{"href":"https:\/\/moirai.si\/hr\/wp-json\/wp\/v2\/media?parent=8107"}],"wp:term":[{"taxonomy":"product_brand","embeddable":true,"href":"https:\/\/moirai.si\/hr\/wp-json\/wp\/v2\/product_brand?post=8107"},{"taxonomy":"product_cat","embeddable":true,"href":"https:\/\/moirai.si\/hr\/wp-json\/wp\/v2\/product_cat?post=8107"},{"taxonomy":"product_tag","embeddable":true,"href":"https:\/\/moirai.si\/hr\/wp-json\/wp\/v2\/product_tag?post=8107"}],"curies":[{"name":"wp","href":"https:\/\/api.w.org\/{rel}","templated":true}]}}