{"id":8122,"date":"2017-01-29T17:19:31","date_gmt":"2017-01-29T17:19:31","guid":{"rendered":"https:\/\/moirai.si\/?post_type=product&#038;p=8122\/"},"modified":"2026-03-15T12:58:36","modified_gmt":"2026-03-15T12:58:36","slug":"clasic-amazonit","status":"publish","type":"product","link":"https:\/\/moirai.si\/hr\/izdelek\/clasic-amazonit\/","title":{"rendered":"Clasic Amazonit"},"content":{"rendered":"<p>Elegantna zapestnica kolekcije Clasic, ki je narejena iz Amazonita. Slika je simboli\u010dna. Mo\u017ena so manj\u0161a odstopanja v barvi in te\u017ei.<\/p>\n<p>Vi\u0161e informacija: <a href=\"https:\/\/moirai.si\/hr\/amazonit\/\" target=\"_blank\" rel=\"noopener noreferrer\">Amazonit<\/a><\/p>\n<p>MATERIJAL: Amazonit, srebro 925<br \/>\nDULJINA: podesiva 16,5-19 cm<br \/>\nTE\u017dA: 6,5 g<br \/>\nVELIKOST KAMNOV: 4mm<br \/>\nKop\u010da: 9 mm<\/p>","protected":false},"excerpt":{"rendered":"<p>Elegantna zapestnica kolekcije Clasic, ki je narejena iz Amazonita. Slika je simboli\u010dna. Mo\u017ena so manj\u0161a odstopanja v barvi in te\u017ei. Ve\u010d informacij: Amazonit MATERIAL: Amazonit, Srebro 925 DOL\u017dINA: prilagodljiva 16,5-19 cm TE\u017dA: 6,5 g VELIKOST KAMNOV: 4mm ZAPONKA: 9mm<\/p>","protected":false},"featured_media":26577,"template":"","meta":[],"product_brand":[],"product_cat":[32,208,820,821,822,1137],"product_tag":[228,371],"class_list":{"0":"post-8122","1":"product","2":"type-product","3":"status-publish","4":"has-post-thumbnail","6":"product_cat-amazonit","7":"product_cat-clasic","8":"product_cat-do-18cm","9":"product_cat-od-18-do-19cm","10":"product_cat-od-19-do-20cm","11":"product_cat-ogled-vseh-zapestnice-2","12":"product_tag-amazonit","13":"product_tag-srebro-925","15":"first","16":"outofstock","17":"purchasable","18":"product-type-simple"},"_links":{"self":[{"href":"https:\/\/moirai.si\/hr\/wp-json\/wp\/v2\/product\/8122","targetHints":{"allow":["GET"]}}],"collection":[{"href":"https:\/\/moirai.si\/hr\/wp-json\/wp\/v2\/product"}],"about":[{"href":"https:\/\/moirai.si\/hr\/wp-json\/wp\/v2\/types\/product"}],"wp:featuredmedia":[{"embeddable":true,"href":"https:\/\/moirai.si\/hr\/wp-json\/wp\/v2\/media\/26577"}],"wp:attachment":[{"href":"https:\/\/moirai.si\/hr\/wp-json\/wp\/v2\/media?parent=8122"}],"wp:term":[{"taxonomy":"product_brand","embeddable":true,"href":"https:\/\/moirai.si\/hr\/wp-json\/wp\/v2\/product_brand?post=8122"},{"taxonomy":"product_cat","embeddable":true,"href":"https:\/\/moirai.si\/hr\/wp-json\/wp\/v2\/product_cat?post=8122"},{"taxonomy":"product_tag","embeddable":true,"href":"https:\/\/moirai.si\/hr\/wp-json\/wp\/v2\/product_tag?post=8122"}],"curies":[{"name":"wp","href":"https:\/\/api.w.org\/{rel}","templated":true}]}}