{"id":834,"date":"2015-07-18T15:06:30","date_gmt":"2015-07-18T15:06:30","guid":{"rendered":"http:\/\/moirai.si\/?post_type=product&#038;p=834"},"modified":"2025-01-13T15:40:10","modified_gmt":"2025-01-13T15:40:10","slug":"munja-od-makrame-kamena","status":"publish","type":"product","link":"https:\/\/moirai.si\/hr\/izdelek\/macrame-kamena-strela\/","title":{"rendered":"Macrame Gorski kristal"},"content":{"rendered":"<p>Unisex narukvica iz kolekcije Macrame, izra\u0111ena od Stone Arrow. <\/p>\n<p>Vi\u0161e informacija: <a href=\"https:\/\/moirai.si\/hr\/gorski-kristal\/\" target=\"_blank\" rel=\"noopener noreferrer\">Gorski Kristal<\/a><\/p>\n<p>MATERIJAL: Gorski Kristal<br \/>\nDU\u017dINA: podesiva od 18-26 cm<br \/>\nTE\u017dINA: 6,5 g<br \/>\nVELI\u010cINA KAMENA: 6 mm<\/p>","protected":false},"excerpt":{"rendered":"<p>Unisex zapestnica kolekcije Macrame, ki je narejena iz Kamene Strele. Ve\u010d informacij: Kamena Strela MATERIAL: Kamena Strela DOL\u017dINA: prilagodljiva od 18-26cm TE\u017dA: 6,5g VELIKOST KAMNOV: 6mm<\/p>","protected":false},"featured_media":13831,"template":"","meta":[],"product_brand":[],"product_cat":[820,68,848,212,821,822,823,1137],"product_tag":[203],"class_list":{"0":"post-834","1":"product","2":"type-product","3":"status-publish","4":"has-post-thumbnail","6":"product_cat-do-18cm","7":"product_cat-kamena-strela","8":"product_cat-kvarc","9":"product_cat-macrame-2","10":"product_cat-od-18-do-19cm","11":"product_cat-od-19-do-20cm","12":"product_cat-od-20cm","13":"product_cat-ogled-vseh-zapestnice-2","14":"product_tag-kamena-strela","16":"first","17":"instock","18":"sold-individually","19":"shipping-taxable","20":"purchasable","21":"product-type-simple"},"_links":{"self":[{"href":"https:\/\/moirai.si\/hr\/wp-json\/wp\/v2\/product\/834","targetHints":{"allow":["GET"]}}],"collection":[{"href":"https:\/\/moirai.si\/hr\/wp-json\/wp\/v2\/product"}],"about":[{"href":"https:\/\/moirai.si\/hr\/wp-json\/wp\/v2\/types\/product"}],"wp:featuredmedia":[{"embeddable":true,"href":"https:\/\/moirai.si\/hr\/wp-json\/wp\/v2\/media\/13831"}],"wp:attachment":[{"href":"https:\/\/moirai.si\/hr\/wp-json\/wp\/v2\/media?parent=834"}],"wp:term":[{"taxonomy":"product_brand","embeddable":true,"href":"https:\/\/moirai.si\/hr\/wp-json\/wp\/v2\/product_brand?post=834"},{"taxonomy":"product_cat","embeddable":true,"href":"https:\/\/moirai.si\/hr\/wp-json\/wp\/v2\/product_cat?post=834"},{"taxonomy":"product_tag","embeddable":true,"href":"https:\/\/moirai.si\/hr\/wp-json\/wp\/v2\/product_tag?post=834"}],"curies":[{"name":"wp","href":"https:\/\/api.w.org\/{rel}","templated":true}]}}