{"id":843,"date":"2015-07-18T15:12:36","date_gmt":"2015-07-18T15:12:36","guid":{"rendered":"http:\/\/moirai.si\/?post_type=product&#038;p=843"},"modified":"2025-07-07T16:57:42","modified_gmt":"2025-07-07T16:57:42","slug":"macrame-rozevec","status":"publish","type":"product","link":"https:\/\/moirai.si\/hr\/izdelek\/macrame-rozevec\/","title":{"rendered":"Macrame Rozenkvarc"},"content":{"rendered":"<p>Unisex narukvica iz kolekcije Macrame, izra\u0111ena od Ro\u017eevca. Narukvica je podesiva i jednostavna za no\u0161enje. Slika je simboli\u010dna. Mogu\u0107a su manja odstupanja u boji i te\u017eini.<\/p>\n<p>Vi\u0161e informacija: <a href=\"https:\/\/moirai.si\/hr\/cvijet-ruze\/\" target=\"_blank\" rel=\"noopener noreferrer\">Rozenkvarc<\/a><\/p>\n<p>MATERIAL: Ro\u017eevec (roza kvarc)<br \/>\nDOL\u017dINA: prilagodljiva od 18-30 cm<br \/>\nTE\u017dA: 6,9g<br \/>\nVELI\u010cINA KAMENA: 6 mm<br \/>\nKOP\u010cA: podesiva<\/p>","protected":false},"excerpt":{"rendered":"<p>Unisex zapestnica kolekcije Macrame, ki je narejena iz Ro\u017eevca. Zapestnica je prilagodljiva in enostavna za no\u0161enje. Slika je simboli\u010dna. Mo\u017ena so manj\u0161a odstopanja v barvi in te\u017ei. Ve\u010d informacij: Ro\u017eevec MATERIAL: Ro\u017eevec (roza kvarc) DOL\u017dINA: prilagodljiva od 18-30 cm TE\u017dA: 6,9g VELIKOST KAMNOV: 6mm ZAPONKA: prilagodljiva<\/p>","protected":false},"featured_media":26128,"template":"","meta":[],"product_brand":[],"product_cat":[820,212,821,822,823,1137,69],"product_tag":[225],"class_list":{"0":"post-843","1":"product","2":"type-product","3":"status-publish","4":"has-post-thumbnail","6":"product_cat-do-18cm","7":"product_cat-macrame-2","8":"product_cat-od-18-do-19cm","9":"product_cat-od-19-do-20cm","10":"product_cat-od-20cm","11":"product_cat-ogled-vseh-zapestnice-2","12":"product_cat-rozevec","13":"product_tag-rozevec","15":"first","16":"instock","17":"sold-individually","18":"shipping-taxable","19":"purchasable","20":"product-type-simple"},"_links":{"self":[{"href":"https:\/\/moirai.si\/hr\/wp-json\/wp\/v2\/product\/843","targetHints":{"allow":["GET"]}}],"collection":[{"href":"https:\/\/moirai.si\/hr\/wp-json\/wp\/v2\/product"}],"about":[{"href":"https:\/\/moirai.si\/hr\/wp-json\/wp\/v2\/types\/product"}],"wp:featuredmedia":[{"embeddable":true,"href":"https:\/\/moirai.si\/hr\/wp-json\/wp\/v2\/media\/26128"}],"wp:attachment":[{"href":"https:\/\/moirai.si\/hr\/wp-json\/wp\/v2\/media?parent=843"}],"wp:term":[{"taxonomy":"product_brand","embeddable":true,"href":"https:\/\/moirai.si\/hr\/wp-json\/wp\/v2\/product_brand?post=843"},{"taxonomy":"product_cat","embeddable":true,"href":"https:\/\/moirai.si\/hr\/wp-json\/wp\/v2\/product_cat?post=843"},{"taxonomy":"product_tag","embeddable":true,"href":"https:\/\/moirai.si\/hr\/wp-json\/wp\/v2\/product_tag?post=843"}],"curies":[{"name":"wp","href":"https:\/\/api.w.org\/{rel}","templated":true}]}}