{"id":9045,"date":"2017-12-15T14:18:42","date_gmt":"2017-12-15T14:18:42","guid":{"rendered":"https:\/\/moirai.si\/?post_type=product&#038;p=9045"},"modified":"2026-03-26T12:38:08","modified_gmt":"2026-03-26T12:38:08","slug":"labradorit-s","status":"publish","type":"product","link":"https:\/\/moirai.si\/hr\/izdelek\/labradorit-s\/","title":{"rendered":"Labradorit S"},"content":{"rendered":"<p>Prekrasan komad poliranog labradorita, pogodan kao ljekoviti kamen za ruke ili kao poklon. Slika je simboli\u010dna. Mogu\u0107a su manja odstupanja u boji, te\u017eini i obliku.<\/p>\n<p>Vi\u0161e informacija: <a href=\"https:\/\/moirai.si\/hr\/labradorit\/\" target=\"_blank\" rel=\"noopener noreferrer\">Labradorit<\/a><\/p>\n<p>MATERIJAL: Labradorit (Madagaskar)<br \/>\nDIMENZIJE: cca. 1 cm<br \/>\nTE\u017dINA: 5-10 g<\/p>","protected":false},"excerpt":{"rendered":"<p>\u010cudovit kos spoliranega Labradorita, primeren kot zdravilni ro\u010dni kamen ali kot darilo. Slika je simboli\u010dna. Mo\u017ena so manj\u0161a odstopanja v barvi, te\u017ei in obliki. Ve\u010d informacij: Labradorit MATERIAL: Labradorit (Madagaskar) DIMENZIJE: cca 1 cm TE\u017dA: 5-10 g<\/p>","protected":false},"featured_media":22403,"template":"","meta":[],"product_brand":[],"product_cat":[54,753],"product_tag":[294],"class_list":{"0":"post-9045","1":"product","2":"type-product","3":"status-publish","4":"has-post-thumbnail","6":"product_cat-labradorit","7":"product_cat-rocni-kamni","8":"product_tag-labradorit","10":"first","11":"instock","12":"purchasable","13":"product-type-simple"},"_links":{"self":[{"href":"https:\/\/moirai.si\/hr\/wp-json\/wp\/v2\/product\/9045","targetHints":{"allow":["GET"]}}],"collection":[{"href":"https:\/\/moirai.si\/hr\/wp-json\/wp\/v2\/product"}],"about":[{"href":"https:\/\/moirai.si\/hr\/wp-json\/wp\/v2\/types\/product"}],"wp:featuredmedia":[{"embeddable":true,"href":"https:\/\/moirai.si\/hr\/wp-json\/wp\/v2\/media\/22403"}],"wp:attachment":[{"href":"https:\/\/moirai.si\/hr\/wp-json\/wp\/v2\/media?parent=9045"}],"wp:term":[{"taxonomy":"product_brand","embeddable":true,"href":"https:\/\/moirai.si\/hr\/wp-json\/wp\/v2\/product_brand?post=9045"},{"taxonomy":"product_cat","embeddable":true,"href":"https:\/\/moirai.si\/hr\/wp-json\/wp\/v2\/product_cat?post=9045"},{"taxonomy":"product_tag","embeddable":true,"href":"https:\/\/moirai.si\/hr\/wp-json\/wp\/v2\/product_tag?post=9045"}],"curies":[{"name":"wp","href":"https:\/\/api.w.org\/{rel}","templated":true}]}}